{"id":251659,"date":"2022-09-26T11:33:45","date_gmt":"2022-09-26T11:33:45","guid":{"rendered":"https:\/\/hotel-delfin.com.hr\/besuchen-sie-zadar\/"},"modified":"2022-09-26T11:37:20","modified_gmt":"2022-09-26T11:37:20","slug":"besuchen-sie-zadar","status":"publish","type":"page","link":"https:\/\/hotel-delfin.com.hr\/de\/besuchen-sie-zadar\/","title":{"rendered":"Besuchen Sie Zadar"},"content":{"rendered":"<p>[et_pb_section fb_built=&#8220;1&#8243; custom_padding_last_edited=&#8220;on|phone&#8220; _builder_version=&#8220;4.16&#8243; background_color=&#8220;#333333&#8243; background_image=&#8220;https:\/\/hotel-delfin.com.hr\/wp-content\/uploads\/2021\/12\/About-Zadar-6.jpg&#8220; custom_margin=&#8220;0px||0px||true|false&#8220; custom_padding=&#8220;80px|0px|80px|0px|true|true&#8220; custom_padding_tablet=&#8220;60px||60px||true|true&#8220; custom_padding_phone=&#8220;40px||40px||true|true&#8220; global_colors_info=&#8220;{}&#8220;][et_pb_row _builder_version=&#8220;4.16&#8243; custom_margin=&#8220;0px||0px||true|false&#8220; custom_padding=&#8220;0px|0px|0px|0px|true|true&#8220; global_colors_info=&#8220;{}&#8220;][et_pb_column type=&#8220;4_4&#8243; _builder_version=&#8220;4.16&#8243; global_colors_info=&#8220;{}&#8220;][et_pb_text admin_label=&#8220;Heading&#8220; _builder_version=&#8220;4.16&#8243; header_font=&#8220;Poppins||||||||&#8220; header_text_color=&#8220;#FFFFFF&#8220; header_font_size=&#8220;50px&#8220; header_2_font=&#8220;Poppins||||||||&#8220; header_2_text_align=&#8220;center&#8220; header_2_text_color=&#8220;#ffffff&#8220; header_2_font_size=&#8220;50px&#8220; header_2_letter_spacing=&#8220;1px&#8220; header_2_line_height=&#8220;60px&#8220; custom_margin=&#8220;0px||0px||true|false&#8220; custom_padding=&#8220;0px|0px|30px|0px|false|true&#8220; custom_padding_tablet=&#8220;||20px||false|true&#8220; custom_padding_phone=&#8220;||15px||false|true&#8220; custom_padding_last_edited=&#8220;on|phone&#8220; global_colors_info=&#8220;{}&#8220;]<\/p>\n<h1 style=\"text-align: center;\"><b>Besuchen Sie Zadar<\/b><\/h1>\n<p>[\/et_pb_text][et_pb_text admin_label=&#8220;Breadcrumbs&#8220; _builder_version=&#8220;4.16&#8243; text_orientation=&#8220;center&#8220; custom_margin=&#8220;0px||0px||true|false&#8220; custom_padding=&#8220;0px|0px|0px|0px|true|true&#8220; global_colors_info=&#8220;{}&#8220;]<\/p>\n<div id=\"crumbs\"><a href=\"https:\/\/hotel-delfin.com.hr\/de\/\">Home<\/a> &nbsp; &raquo; &nbsp; <span class=\"current\">Seite<\/span><\/div>\n<p>[\/et_pb_text][\/et_pb_column][\/et_pb_row][\/et_pb_section][et_pb_section fb_built=&#8220;1&#8243; custom_padding_last_edited=&#8220;on|phone&#8220; _builder_version=&#8220;4.16&#8243; background_color=&#8220;#ffffff&#8220; custom_margin=&#8220;0px||0px||true|false&#8220; custom_padding=&#8220;80px|0px|80px|0px|true|true&#8220; custom_padding_tablet=&#8220;60px||60px||true|true&#8220; custom_padding_phone=&#8220;40px||40px||true|true&#8220; global_colors_info=&#8220;{}&#8220;][et_pb_row custom_padding_last_edited=&#8220;on|phone&#8220; _builder_version=&#8220;4.16&#8243; custom_margin=&#8220;0px||0px||false|false&#8220; custom_padding=&#8220;0px|0px|50px|0px|false|true&#8220; custom_padding_tablet=&#8220;||40px||false|true&#8220; custom_padding_phone=&#8220;||30px||false|true&#8220; global_colors_info=&#8220;{}&#8220;][et_pb_column type=&#8220;4_4&#8243; _builder_version=&#8220;4.16&#8243; global_colors_info=&#8220;{}&#8220;][et_pb_image src=&#8220;https:\/\/hotel-delfin.com.hr\/wp-content\/uploads\/2021\/11\/100x14x1.png&#8220; title_text=&#8220;100x14x1&#8243; align=&#8220;center&#8220; admin_label=&#8220;Section Heading Under Line&#8220; _builder_version=&#8220;4.16&#8243; custom_margin=&#8220;0px||15px||false|false&#8220; custom_padding=&#8220;0px|0px|0px|0px|true|true&#8220; global_colors_info=&#8220;{}&#8220;][\/et_pb_image][et_pb_text admin_label=&#8220;Section Intro Content&#8220; _builder_version=&#8220;4.17.3&#8243; text_font=&#8220;||||||||&#8220; text_text_color=&#8220;#666666&#8243; text_font_size=&#8220;15px&#8220; text_line_height=&#8220;28px&#8220; text_orientation=&#8220;center&#8220; width=&#8220;100%&#8220; width_tablet=&#8220;100%&#8220; width_phone=&#8220;&#8220; width_last_edited=&#8220;on|phone&#8220; module_alignment=&#8220;center&#8220; custom_margin=&#8220;0px||0px||true|false&#8220; custom_padding=&#8220;0px|0px|0px|0px|true|true&#8220; hover_enabled=&#8220;0&#8243; text_font_size_tablet=&#8220;16px&#8220; text_font_size_phone=&#8220;15px&#8220; text_font_size_last_edited=&#8220;on|phone&#8220; text_line_height_tablet=&#8220;26px&#8220; text_line_height_phone=&#8220;25px&#8220; text_line_height_last_edited=&#8220;on|tablet&#8220; global_colors_info=&#8220;{}&#8220; sticky_enabled=&#8220;0&#8243;]<\/p>\n<p style=\"text-align: justify;\">Zadar liegt im Herzen der Adria, was es sowohl zum urbanen Zentrum Norddalmatiens als auch zum administrativen, wirtschaftlichen, kulturellen und politischen Zentrum der Region mit 75.000 Einwohnern macht. Die K\u00fcste ist besonders buchtenreich, die Inseln und die unber\u00fchrte Natur locken viele Segler in diese Gegend. Der Archipel z\u00e4hlt 24 gr\u00f6\u00dfere und etwa 300 kleinere Inseln und Eilande, 3 Naturparks \u2013 Tela\u0161\u0107ica, N\u00f6rdlicher Velebit (Kroatisch: Sjeverni Velebit) und Vrana-See (Vransko jezero), und 5 Nationalparks \u2013 Paklenica, Plitvicer Seen (Plitvi\u010dka jezera), Kornati, Krka und Velebit, die Zadar und seine Umgebung an die Spitze des kroatischen touristischen Angebots stellen. <\/p>\n<p>[\/et_pb_text][\/et_pb_column][\/et_pb_row][et_pb_row column_structure=&#8220;1_2,1_2&#8243; use_custom_gutter=&#8220;on&#8220; gutter_width=&#8220;1&#8243; _builder_version=&#8220;4.16&#8243; custom_margin=&#8220;0px||0px||true|false&#8220; custom_padding=&#8220;0px|0px|0px|0px|true|true&#8220; global_colors_info=&#8220;{}&#8220;][et_pb_column type=&#8220;1_2&#8243; module_class=&#8220;restaurant-page-col&#8220; _builder_version=&#8220;4.16&#8243; global_colors_info=&#8220;{}&#8220;][et_pb_image src=&#8220;https:\/\/hotel-delfin.com.hr\/wp-content\/uploads\/2021\/12\/About-Zadar-2.jpg&#8220; alt=&#8220;Zadar History and Rich Culture&#8220; title_text=&#8220;Zadar History and Rich Culture&#8220; force_fullwidth=&#8220;on&#8220; _builder_version=&#8220;4.16&#8243; custom_margin=&#8220;103px|||||&#8220; global_colors_info=&#8220;{}&#8220;][\/et_pb_image][\/et_pb_column][et_pb_column type=&#8220;1_2&#8243; module_class=&#8220;restaurean-2 restaurant-page-col&#8220; _builder_version=&#8220;4.16&#8243; custom_padding=&#8220;30px|30px|30px|30px|true|true&#8220; custom_padding_tablet=&#8220;20px|||0px|false|false&#8220; custom_padding_phone=&#8220;&#8220; custom_padding_last_edited=&#8220;on|tablet&#8220; global_colors_info=&#8220;{}&#8220;][et_pb_text _builder_version=&#8220;4.17.3&#8243; header_2_font=&#8220;Poppins||||||||&#8220; header_2_font_size=&#8220;35px&#8220; header_4_font=&#8220;Poppins||||||||&#8220; header_4_text_color=&#8220;#333333&#8243; header_4_font_size=&#8220;35px&#8220; header_4_letter_spacing=&#8220;1px&#8220; header_4_line_height=&#8220;45px&#8220; custom_margin=&#8220;0px||15px||false|false&#8220; custom_padding=&#8220;0px|0px|0px|0px|true|true&#8220; hover_enabled=&#8220;0&#8243; global_colors_info=&#8220;{}&#8220; sticky_enabled=&#8220;0&#8243;]<\/p>\n<h2><span style=\"font-weight: 400;\">Die Geschichte und reiche Kultur Zadars<\/span><\/h2>\n<p>[\/et_pb_text][et_pb_text module_class=&#8220;content&#8220; _builder_version=&#8220;4.17.3&#8243; text_font_size=&#8220;15px&#8220; custom_margin=&#8220;0px||15px||false|false&#8220; custom_padding=&#8220;0px|0px|0px|0px|true|true&#8220; hover_enabled=&#8220;0&#8243; global_colors_info=&#8220;{}&#8220; sticky_enabled=&#8220;0&#8243;]<\/p>\n<p style=\"text-align: justify;\">Die Einzigartigkeit der Stadt ist unwiderstehlich f\u00fcr K\u00fcnstler, Touristen, ihre B\u00fcrger und diejenigen, die historische Denkm\u00e4ler und kulturelles Erbe, respektieren und bewundern. Zadar selbst ist ein Stadtdenkmal, umgeben von historischen Stadtmauern, eine echte Fundgrube an arch\u00e4ologischen und monumentalen Reicht\u00fcmern aus der Antike, dem Mittelalter und der Renaissance und zahlreichen zeitgen\u00f6ssischen architektonischen Errungenschaften wie der ersten Meeresorgel der Welt.<br \/>Zadar ist eine Stadt, in der es viel Platz f\u00fcr Fu\u00dfg\u00e4nger gibt. Mit der Hilfe des Reisef\u00fchrers wird Ihr Spaziergang auf dem Kopfsteinpflaster der Stadt zu einem Spaziergang durch die Geschichte, aber auch zu einem Erlebnis des zeitgen\u00f6ssischen Stadtlebens. Wenn Sie m\u00fcde sind, versuchen Sie, sich in einem unserer Restaurants, Konditoreien oder Caf\u00e9s zu entspannen, die Sie im gastronomischen Angebot dieses Reisef\u00fchrers finden.<\/p>\n<p>[\/et_pb_text][\/et_pb_column][\/et_pb_row][et_pb_row column_structure=&#8220;1_2,1_2&#8243; use_custom_gutter=&#8220;on&#8220; gutter_width=&#8220;1&#8243; _builder_version=&#8220;4.16&#8243; custom_margin=&#8220;0px||0px||true|false&#8220; custom_padding=&#8220;0px|0px|0px|0px|true|true&#8220; global_colors_info=&#8220;{}&#8220;][et_pb_column type=&#8220;1_2&#8243; module_class=&#8220;restaurean-2&#8243; _builder_version=&#8220;4.16&#8243; custom_padding=&#8220;30px|30px|30px|30px|true|true&#8220; custom_padding_tablet=&#8220;30px||20px|0px|false|false&#8220; custom_padding_phone=&#8220;&#8220; custom_padding_last_edited=&#8220;on|tablet&#8220; global_colors_info=&#8220;{}&#8220;][et_pb_text _builder_version=&#8220;4.17.3&#8243; header_2_font=&#8220;Poppins||||||||&#8220; header_2_font_size=&#8220;35px&#8220; header_4_font=&#8220;Poppins||||||||&#8220; header_4_text_color=&#8220;#333333&#8243; header_4_font_size=&#8220;35px&#8220; header_4_letter_spacing=&#8220;1px&#8220; header_4_line_height=&#8220;45px&#8220; custom_margin=&#8220;0px||15px||false|false&#8220; custom_padding=&#8220;0px|0px|0px|0px|true|true&#8220; hover_enabled=&#8220;0&#8243; global_colors_info=&#8220;{}&#8220; sticky_enabled=&#8220;0&#8243;]<\/p>\n<h2><span style=\"font-weight: 400;\">Wie erreichen Sie Zadar?<\/span><\/h2>\n<p>[\/et_pb_text][et_pb_text module_class=&#8220;content&#8220; _builder_version=&#8220;4.17.3&#8243; text_font_size=&#8220;15px&#8220; custom_margin=&#8220;0px||15px||false|false&#8220; custom_padding=&#8220;0px|0px|0px|0px|true|true&#8220; hover_enabled=&#8220;0&#8243; global_colors_info=&#8220;{}&#8220; sticky_enabled=&#8220;0&#8243;]<\/p>\n<p style=\"text-align: justify;\">Die Stadt Zadar ist ein Reiseziel, das \u00fcber den Land-, See- und Luftweg leicht zu erreichen ist. Es verf\u00fcgt \u00fcber eine gute Verkehrsinfrastruktur, die es direkt mit anderen gro\u00dfen St\u00e4dten der Republik Kroatien verbindet: Zagreb, Rijeka, Split und Dubrovnik. Ausgezeichnete Unterk\u00fcnfte und moderner Service in zahlreichen Jachth\u00e4fen sind \u00fcberall zu finden. Egal welchen Weg nach Zadar Sie ausw\u00e4hlen wollen, wird Sie die nat\u00fcrliche Sch\u00f6nheit der Landschaft bestimmt beindr\u00fccken.<\/p>\n<p style=\"text-align: justify;\">Der F\u00e4hrhafen sowie der neue Touristenhafen f\u00fcr Kreuzfahrtschiffe befinden sich auf der Halbinsel selbst (im alten Stadtteil), und wenn Sie mit der F\u00e4hre oder dem Boot in Zadar ankommen, haben Sie einen wunderbaren Blick auf die gesamte Stadt, was Ihre Ankunft in Zadar in ein einmaliges Erlebnis verwandelt (F\u00e4hr- und Bootslinien mit Preko, Zaglav, Mali Lo\u0161inj, Pula und Ancono\/Italien).<\/p>\n<p style=\"text-align: justify;\">Der Flughafen ist zwar klein, aber modern (9 km vom Zentrum entfernt) und verbindet Zadar mit den gr\u00f6\u00dferen St\u00e4dten der Republik Kroatien und einigen europ\u00e4ischen Hauptst\u00e4dten.<\/p>\n<p>&nbsp;<\/p>\n<p>[\/et_pb_text][\/et_pb_column][et_pb_column type=&#8220;1_2&#8243; _builder_version=&#8220;4.16&#8243; global_colors_info=&#8220;{}&#8220;][et_pb_image src=&#8220;https:\/\/hotel-delfin.com.hr\/wp-content\/uploads\/2021\/12\/About-Zadar.jpg&#8220; alt=&#8220;\u00dcber Zadar&#8220; title_text=&#8220;\u00dcber Zadar&#8220; _builder_version=&#8220;4.16&#8243; global_colors_info=&#8220;{}&#8220;][\/et_pb_image][\/et_pb_column][\/et_pb_row][\/et_pb_section][et_pb_section fb_built=&#8220;1&#8243; custom_padding_last_edited=&#8220;on|phone&#8220; _builder_version=&#8220;4.16&#8243; background_color=&#8220;#f5f5f5&#8243; custom_margin=&#8220;0px||0px||true|false&#8220; custom_padding=&#8220;80px|0px|80px|0px|true|true&#8220; custom_padding_tablet=&#8220;60px||60px||true|true&#8220; custom_padding_phone=&#8220;40px||40px||true|true&#8220; global_colors_info=&#8220;{}&#8220;][et_pb_row custom_padding_last_edited=&#8220;on|phone&#8220; _builder_version=&#8220;4.16&#8243; custom_margin=&#8220;0px||0px||false|false&#8220; custom_padding=&#8220;0px|0px|50px|0px|false|true&#8220; custom_padding_tablet=&#8220;||40px||false|true&#8220; custom_padding_phone=&#8220;||30px||false|true&#8220; global_colors_info=&#8220;{}&#8220;][et_pb_column type=&#8220;4_4&#8243; _builder_version=&#8220;4.16&#8243; global_colors_info=&#8220;{}&#8220;][et_pb_image src=&#8220;https:\/\/hotel-delfin.com.hr\/wp-content\/uploads\/2021\/11\/100x14x1.png&#8220; title_text=&#8220;100x14x1&#8243; align=&#8220;center&#8220; admin_label=&#8220;Section Heading Under Line&#8220; _builder_version=&#8220;4.16&#8243; custom_margin=&#8220;0px||15px||false|false&#8220; custom_padding=&#8220;0px|0px|0px|0px|true|true&#8220; global_colors_info=&#8220;{}&#8220;][\/et_pb_image][et_pb_text admin_label=&#8220;Section Heading&#8220; _builder_version=&#8220;4.16&#8243; header_2_font=&#8220;Poppins||||||||&#8220; header_2_text_align=&#8220;center&#8220; header_2_text_color=&#8220;#333333&#8243; header_2_font_size=&#8220;50px&#8220; header_2_letter_spacing=&#8220;1px&#8220; header_2_line_height=&#8220;60px&#8220; custom_margin=&#8220;||15px||false|false&#8220; custom_margin_tablet=&#8220;||10px||false|false&#8220; custom_margin_phone=&#8220;&#8220; custom_margin_last_edited=&#8220;on|tablet&#8220; custom_padding=&#8220;0px||0px|0px|true|false&#8220; global_colors_info=&#8220;{}&#8220;]<\/p>\n<h2>Kontaktiere uns<\/h2>\n<p>[\/et_pb_text][\/et_pb_column][\/et_pb_row][et_pb_row column_structure=&#8220;2_3,1_3&#8243; use_custom_gutter=&#8220;on&#8220; _builder_version=&#8220;4.16&#8243; custom_padding=&#8220;0px|0px|0px|0px|false|true&#8220; global_colors_info=&#8220;{}&#8220;][et_pb_column type=&#8220;2_3&#8243; module_class=&#8220;book-table-col-left book-table-mar-0&#8243; _builder_version=&#8220;4.16&#8243; global_colors_info=&#8220;{}&#8220;][et_pb_image src=&#8220;https:\/\/hotel-delfin.com.hr\/wp-content\/uploads\/2021\/12\/About-Zadar-4.jpg&#8220; alt=&#8220;Besuchen Sie Zadar&#8220; title_text=&#8220;Besuchen Sie Zadar&#8220; _builder_version=&#8220;4.16&#8243; global_colors_info=&#8220;{}&#8220;][\/et_pb_image][\/et_pb_column][et_pb_column type=&#8220;1_3&#8243; module_class=&#8220;book-table-col-right pbt-divi-last-col&#8220; _builder_version=&#8220;4.16&#8243; global_colors_info=&#8220;{}&#8220;][et_pb_contact_form captcha=&#8220;off&#8220; email=&#8220;hoteldelfinzadar@gmail.com&#8220; custom_message=&#8220;Kontakt sa Visit Zadar||et_pb_line_break_holder||||et_pb_line_break_holder||Name: %%name%%||et_pb_line_break_holder||Email: %%email%%||et_pb_line_break_holder||Phone: %%number%%||et_pb_line_break_holder||Message: %%message%%&#8220; submit_button_text=&#8220;Schick uns eine Nachricht&#8220; module_class=&#8220;book-a-table-form&#8220; _builder_version=&#8220;4.17.3&#8243; _unique_id=&#8220;1cc2b216-2c53-4b55-b28f-f16f5ac4b6e9&#8243; form_field_background_color=&#8220;#eeeeee&#8220; form_field_text_color=&#8220;#666666&#8243; form_field_custom_padding=&#8220;|20px||20px|false|true&#8220; form_field_font=&#8220;Open Sans||||||||&#8220; form_field_font_size=&#8220;15px&#8220; form_field_letter_spacing=&#8220;1px&#8220; form_field_line_height=&#8220;25px&#8220; custom_button=&#8220;on&#8220; button_text_size=&#8220;16px&#8220; button_text_color=&#8220;#ffffff&#8220; button_bg_color=&#8220;#ee7f38&#8243; button_border_width=&#8220;2px&#8220; button_border_color=&#8220;#ee7f38&#8243; button_border_radius=&#8220;5px&#8220; button_letter_spacing=&#8220;1px&#8220; button_font=&#8220;Open Sans||||||||&#8220; button_use_icon=&#8220;off&#8220; button_custom_margin=&#8220;30px||0px|0px|false|false&#8220; button_custom_padding=&#8220;12px|20px|12px|20px|true|true&#8220; hover_enabled=&#8220;0&#8243; custom_css_contact_fields=&#8220;||&#8220; custom_css_text_field=&#8220;min-height: 120px;&#8220; border_radii=&#8220;on|5px|5px|5px|5px&#8220; border_width_all=&#8220;1px&#8220; border_color_all=&#8220;#dcdcdc&#8220; global_colors_info=&#8220;{}&#8220; button_text_color__hover_enabled=&#8220;on|desktop&#8220; button_text_color__hover=&#8220;#333333&#8243; button_bg_color__hover_enabled=&#8220;on|hover&#8220; button_bg_color__hover=&#8220;rgba(238,127,56,0)&#8220; button_bg_enable_color__hover=&#8220;on&#8220; sticky_enabled=&#8220;0&#8243;][et_pb_contact_field field_id=&#8220;name&#8220; field_title=&#8220;Name&#8220; fullwidth_field=&#8220;on&#8220; _builder_version=&#8220;4.16&#8243; global_colors_info=&#8220;{}&#8220; button_text_size__hover_enabled=&#8220;off&#8220; button_one_text_size__hover_enabled=&#8220;off&#8220; button_two_text_size__hover_enabled=&#8220;off&#8220; button_text_color__hover_enabled=&#8220;off&#8220; button_one_text_color__hover_enabled=&#8220;off&#8220; button_two_text_color__hover_enabled=&#8220;off&#8220; button_border_width__hover_enabled=&#8220;off&#8220; button_one_border_width__hover_enabled=&#8220;off&#8220; button_two_border_width__hover_enabled=&#8220;off&#8220; button_border_color__hover_enabled=&#8220;off&#8220; button_one_border_color__hover_enabled=&#8220;off&#8220; button_two_border_color__hover_enabled=&#8220;off&#8220; button_border_radius__hover_enabled=&#8220;off&#8220; button_one_border_radius__hover_enabled=&#8220;off&#8220; button_two_border_radius__hover_enabled=&#8220;off&#8220; button_letter_spacing__hover_enabled=&#8220;off&#8220; button_one_letter_spacing__hover_enabled=&#8220;off&#8220; button_two_letter_spacing__hover_enabled=&#8220;off&#8220; button_bg_color__hover_enabled=&#8220;off&#8220; button_one_bg_color__hover_enabled=&#8220;off&#8220; button_two_bg_color__hover_enabled=&#8220;off&#8220;][\/et_pb_contact_field][et_pb_contact_field field_id=&#8220;email&#8220; field_title=&#8220;E-mail &#8220; fullwidth_field=&#8220;on&#8220; _builder_version=&#8220;4.16&#8243; global_colors_info=&#8220;{}&#8220; button_text_size__hover_enabled=&#8220;off&#8220; button_one_text_size__hover_enabled=&#8220;off&#8220; button_two_text_size__hover_enabled=&#8220;off&#8220; button_text_color__hover_enabled=&#8220;off&#8220; button_one_text_color__hover_enabled=&#8220;off&#8220; button_two_text_color__hover_enabled=&#8220;off&#8220; button_border_width__hover_enabled=&#8220;off&#8220; button_one_border_width__hover_enabled=&#8220;off&#8220; button_two_border_width__hover_enabled=&#8220;off&#8220; button_border_color__hover_enabled=&#8220;off&#8220; button_one_border_color__hover_enabled=&#8220;off&#8220; button_two_border_color__hover_enabled=&#8220;off&#8220; button_border_radius__hover_enabled=&#8220;off&#8220; button_one_border_radius__hover_enabled=&#8220;off&#8220; button_two_border_radius__hover_enabled=&#8220;off&#8220; button_letter_spacing__hover_enabled=&#8220;off&#8220; button_one_letter_spacing__hover_enabled=&#8220;off&#8220; button_two_letter_spacing__hover_enabled=&#8220;off&#8220; button_bg_color__hover_enabled=&#8220;off&#8220; button_one_bg_color__hover_enabled=&#8220;off&#8220; button_two_bg_color__hover_enabled=&#8220;off&#8220;][\/et_pb_contact_field][et_pb_contact_field field_id=&#8220;number&#8220; field_title=&#8220;Telefon&#8220; allowed_symbols=&#8220;numbers&#8220; fullwidth_field=&#8220;on&#8220; _builder_version=&#8220;4.16&#8243; global_colors_info=&#8220;{}&#8220; button_text_size__hover_enabled=&#8220;off&#8220; button_one_text_size__hover_enabled=&#8220;off&#8220; button_two_text_size__hover_enabled=&#8220;off&#8220; button_text_color__hover_enabled=&#8220;off&#8220; button_one_text_color__hover_enabled=&#8220;off&#8220; button_two_text_color__hover_enabled=&#8220;off&#8220; button_border_width__hover_enabled=&#8220;off&#8220; button_one_border_width__hover_enabled=&#8220;off&#8220; button_two_border_width__hover_enabled=&#8220;off&#8220; button_border_color__hover_enabled=&#8220;off&#8220; button_one_border_color__hover_enabled=&#8220;off&#8220; button_two_border_color__hover_enabled=&#8220;off&#8220; button_border_radius__hover_enabled=&#8220;off&#8220; button_one_border_radius__hover_enabled=&#8220;off&#8220; button_two_border_radius__hover_enabled=&#8220;off&#8220; button_letter_spacing__hover_enabled=&#8220;off&#8220; button_one_letter_spacing__hover_enabled=&#8220;off&#8220; button_two_letter_spacing__hover_enabled=&#8220;off&#8220; button_bg_color__hover_enabled=&#8220;off&#8220; button_one_bg_color__hover_enabled=&#8220;off&#8220; button_two_bg_color__hover_enabled=&#8220;off&#8220;][\/et_pb_contact_field][et_pb_contact_field field_id=&#8220;message&#8220; field_title=&#8220;Nachricht&#8220; field_type=&#8220;text&#8220; fullwidth_field=&#8220;on&#8220; _builder_version=&#8220;4.16&#8243; global_colors_info=&#8220;{}&#8220;][\/et_pb_contact_field][\/et_pb_contact_form][\/et_pb_column][\/et_pb_row][\/et_pb_section]<\/p>\n","protected":false},"excerpt":{"rendered":"<p>Besuchen Sie Zadar<div id=\"crumbs\"><a href=\"https:\/\/hotel-delfin.com.hr\/de\/\">Home<\/a> &nbsp; &raquo; &nbsp; <span class=\"current\">Seite<\/span><\/div>Zadar liegt im Herzen der Adria, was es sowohl zum urbanen Zentrum Norddalmatiens als auch zum administrativen, wirtschaftlichen, kulturellen und politischen Zentrum der Region mit 75.000 Einwohnern macht. Die K\u00fcste ist besonders buchtenreich, die Inseln und die unber\u00fchrte Natur locken viele Segler in diese Gegend. Der Archipel z\u00e4hlt 24 gr\u00f6\u00dfere und etwa 300 [&hellip;]<\/p>\n","protected":false},"author":1,"featured_media":0,"parent":0,"menu_order":0,"comment_status":"closed","ping_status":"closed","template":"","meta":{"_et_pb_use_builder":"on","_et_pb_old_content":"","_et_gb_content_width":"","footnotes":""},"class_list":["post-251659","page","type-page","status-publish","hentry"],"acf":[],"_links":{"self":[{"href":"https:\/\/hotel-delfin.com.hr\/de\/wp-json\/wp\/v2\/pages\/251659","targetHints":{"allow":["GET"]}}],"collection":[{"href":"https:\/\/hotel-delfin.com.hr\/de\/wp-json\/wp\/v2\/pages"}],"about":[{"href":"https:\/\/hotel-delfin.com.hr\/de\/wp-json\/wp\/v2\/types\/page"}],"author":[{"embeddable":true,"href":"https:\/\/hotel-delfin.com.hr\/de\/wp-json\/wp\/v2\/users\/1"}],"replies":[{"embeddable":true,"href":"https:\/\/hotel-delfin.com.hr\/de\/wp-json\/wp\/v2\/comments?post=251659"}],"version-history":[{"count":3,"href":"https:\/\/hotel-delfin.com.hr\/de\/wp-json\/wp\/v2\/pages\/251659\/revisions"}],"predecessor-version":[{"id":251662,"href":"https:\/\/hotel-delfin.com.hr\/de\/wp-json\/wp\/v2\/pages\/251659\/revisions\/251662"}],"wp:attachment":[{"href":"https:\/\/hotel-delfin.com.hr\/de\/wp-json\/wp\/v2\/media?parent=251659"}],"curies":[{"name":"wp","href":"https:\/\/api.w.org\/{rel}","templated":true}]}}