{"id":251676,"date":"2022-09-26T12:03:25","date_gmt":"2022-09-26T12:03:25","guid":{"rendered":"https:\/\/hotel-delfin.com.hr\/impressum\/"},"modified":"2022-09-26T12:19:23","modified_gmt":"2022-09-26T12:19:23","slug":"impressum","status":"publish","type":"page","link":"https:\/\/hotel-delfin.com.hr\/de\/impressum\/","title":{"rendered":"Impressum"},"content":{"rendered":"<p>[et_pb_section fb_built=&#8220;1&#8243; custom_padding_last_edited=&#8220;on|phone&#8220; _builder_version=&#8220;4.16&#8243; background_enable_color=&#8220;off&#8220; background_color_gradient_start=&#8220;#000000&#8243; background_color_gradient_end=&#8220;#000000&#8243; background_enable_image=&#8220;off&#8220; custom_margin=&#8220;0px||0px||true|false&#8220; custom_padding=&#8220;37px|0px|37px|0px|true|true&#8220; custom_padding_tablet=&#8220;60px||60px||true|true&#8220; custom_padding_phone=&#8220;40px||40px||true|true&#8220; global_colors_info=&#8220;{}&#8220;][et_pb_row _builder_version=&#8220;4.16&#8243; custom_margin=&#8220;0px||0px||true|false&#8220; custom_padding=&#8220;0px|0px|0px|0px|true|true&#8220; global_colors_info=&#8220;{}&#8220;][et_pb_column type=&#8220;4_4&#8243; _builder_version=&#8220;4.16&#8243; global_colors_info=&#8220;{}&#8220;][et_pb_text admin_label=&#8220;Heading&#8220; _builder_version=&#8220;4.16&#8243; header_font=&#8220;Poppins|500|||||||&#8220; header_font_size=&#8220;50px&#8220; header_2_font=&#8220;Poppins||||||||&#8220; header_2_font_size=&#8220;40px&#8220; header_3_font=&#8220;Poppins||||||||&#8220; header_3_text_color=&#8220;#333333&#8243; header_3_font_size=&#8220;42px&#8220; header_3_letter_spacing=&#8220;1px&#8220; header_3_line_height=&#8220;52px&#8220; custom_margin=&#8220;0px||15px||false|false&#8220; custom_padding=&#8220;0px|0px|0px|0px|true|true&#8220; global_colors_info=&#8220;{}&#8220;]<\/p>\n<h1 style=\"text-align: center;\"><span style=\"font-weight: 400;\">Impressum<\/span><\/h1>\n<p>[\/et_pb_text][et_pb_divider color=&#8220;#EE7F38&#8243; divider_weight=&#8220;3px&#8220; module_class=&#8220;theme-divider&#8220; _builder_version=&#8220;4.16&#8243; min_height=&#8220;0px&#8220; height=&#8220;0px&#8220; custom_margin=&#8220;0px||15px||false|false&#8220; custom_padding=&#8220;0px|0px|0px|0px|true|true&#8220; global_colors_info=&#8220;{}&#8220;][\/et_pb_divider][\/et_pb_column][\/et_pb_row][\/et_pb_section][et_pb_section fb_built=&#8220;1&#8243; _builder_version=&#8220;4.16&#8243; _module_preset=&#8220;default&#8220; global_colors_info=&#8220;{}&#8220;][et_pb_row _builder_version=&#8220;4.16&#8243; _module_preset=&#8220;default&#8220; global_colors_info=&#8220;{}&#8220;][et_pb_column type=&#8220;4_4&#8243; _builder_version=&#8220;4.16&#8243; _module_preset=&#8220;default&#8220; global_colors_info=&#8220;{}&#8220;][et_pb_text _builder_version=&#8220;4.16&#8243; _module_preset=&#8220;default&#8220; custom_padding=&#8220;||0px|||&#8220; global_colors_info=&#8220;{}&#8220;]<\/p>\n<h2><strong>\u00dcber uns<\/strong><\/h2>\n<p>[\/et_pb_text][et_pb_text _builder_version=&#8220;4.17.3&#8243; _module_preset=&#8220;default&#8220; hover_enabled=&#8220;0&#8243; global_colors_info=&#8220;{}&#8220; sticky_enabled=&#8220;0&#8243;]<\/p>\n<p>Das Hotel Delfin ist ein kleiner Apartments- und Zimmerkomplex mit Meerblick, direkt am Strand in der N\u00e4he des Zentrums von Zadar gelegen &#8211; es ist ein idealer Ort, wo Sie nicht nur Ihren Sommerurlaub und unsere K\u00fcche im Restaurant, sondern auch Erkundung der Region genie\u00dfen k\u00f6nnen.<br \/>Innerhalb des Geb\u00e4udes gibt es ein Restaurant mit Terrasse mit einem Blick auf das Meer und die Inseln, was Ihnen ein einzigartiges Erlebnis bietet. Mediterrane K\u00fcche, lokale Spezialit\u00e4ten, Eleganz des Hotels und erstklassiger Service in einer warmen, angenehmen und intimen Stimmung werden Ihre Erwartungen \u00fcbertreffen.<br \/>Wir w\u00fcrden uns freuen, Sie zu beherbergen und Ihren Aufenthalt in Zadar unvergesslich zu machen.<\/p>\n<p>[\/et_pb_text][\/et_pb_column][\/et_pb_row][et_pb_row column_structure=&#8220;1_2,1_2&#8243; _builder_version=&#8220;4.16&#8243; _module_preset=&#8220;default&#8220; global_colors_info=&#8220;{}&#8220;][et_pb_column type=&#8220;1_2&#8243; _builder_version=&#8220;4.16&#8243; _module_preset=&#8220;default&#8220; global_colors_info=&#8220;{}&#8220;][et_pb_text _builder_version=&#8220;4.16&#8243; _module_preset=&#8220;default&#8220; global_colors_info=&#8220;{}&#8220;]<\/p>\n<p><strong>Name:<\/strong><span> Visus Zadar d.o.o.<\/span><br \/><strong>Vollst\u00e4ndiger name:<\/strong><span> Visus Zadar dru\u0161tvo s ograni\u010denom odgovorno\u0161\u0107u za ugostiteljstvo, poslovne usluge i djelatnost turisti\u010dke agencije<\/span><br \/><strong>Sitz der Gesellschaft:<\/strong><span> Kre\u0161imirova obala 96, 23000 Zadar, Kroatien<\/span><br \/><strong>Firmennummer (MBS):<\/strong><span>110021503<\/span><br \/><strong>Pers\u00f6nliche Identifikationsnummer (OIB):<\/strong><span> 07295305226<\/span><br \/><strong>USt-IdNr. (PDV ID):<\/strong><span> HR07295305226<\/span><br \/><strong>Hoteldirektor:<\/strong><span> Marko Mitrovi\u0107<\/span><br \/><strong>Mitglied der Verwaltung: <\/strong>Marko Mitrovio\u0107<\/p>\n<p>[\/et_pb_text][\/et_pb_column][et_pb_column type=&#8220;1_2&#8243; _builder_version=&#8220;4.16&#8243; _module_preset=&#8220;default&#8220; global_colors_info=&#8220;{}&#8220;][et_pb_text _builder_version=&#8220;4.16&#8243; _module_preset=&#8220;default&#8220; global_colors_info=&#8220;{}&#8220;]<\/p>\n<p><strong>Grundkapital:<\/strong> 40.000,00 kn, paid in full<br \/><strong>Handelsregister:<\/strong> Trgova\u010dki sud u Zadru<br \/><strong>Bank:<\/strong><br \/>Addiko Bank d.d. Josipa Jurja Strossmayera 1a, 23000 Zadar, Kroatien<br \/><strong>IBAN: <\/strong>HR08250000911013079431100398367<br \/><strong>SWIFT (BIC):<\/strong> HAABHR22<br \/><strong>Tel: <\/strong><span style=\"color: #999999;\"><a href=\"tel:38523332019\" style=\"color: #999999;\">+385 23 332019<\/a><\/span><br \/><strong>E-Mail-Adresse:<\/strong> <span style=\"color: #999999;\"><a href=\"mailto:hoteldelfinzadar@gmail.com\" style=\"color: #999999;\">hoteldelfinzadar@gmail.com<\/a><\/span><\/p>\n<p>[\/et_pb_text][\/et_pb_column][\/et_pb_row][et_pb_row _builder_version=&#8220;4.16&#8243; _module_preset=&#8220;default&#8220; global_colors_info=&#8220;{}&#8220;][et_pb_column type=&#8220;4_4&#8243; _builder_version=&#8220;4.16&#8243; _module_preset=&#8220;default&#8220; global_colors_info=&#8220;{}&#8220;][et_pb_text _builder_version=&#8220;4.17.3&#8243; _module_preset=&#8220;default&#8220; hover_enabled=&#8220;0&#8243; global_colors_info=&#8220;{}&#8220; sticky_enabled=&#8220;0&#8243;]<\/p>\n<h2><strong>Unsere Dienstleistungen<\/strong><\/h2>\n<p>[\/et_pb_text][et_pb_text _builder_version=&#8220;4.17.3&#8243; _module_preset=&#8220;default&#8220; hover_enabled=&#8220;0&#8243; global_colors_info=&#8220;{}&#8220; sticky_enabled=&#8220;0&#8243;]<\/p>\n<p data-fontsize=\"18\" data-lineheight=\"27\">\n<div class=\"fusion-one-half fusion-layout-column fusion-spacing-yes\">\n<div class=\"fusion-column-wrapper\">\n<div class=\"supsystic-tables-wrap\">\n<div id=\"supsystic-table-19_wrapper\" class=\"dataTables_wrapper no-footer\">\n<p>FAKTEN ZUR UNTERKUNFT<\/p>\n<table class=\"supsystic-table border row-border dataTable no-footer\" id=\"supsystic-table-19\" data-features=\"[]\" data-pagination-length=\"50,100,All\" data-lang=\"default\" data-override=\"{\" file=\"\" :=\"\" default=\"\" emptytable=\"\" info=\"\" infoempty=\"\" infofiltered=\"\" lengthmenu=\"\" search=\"\" zerorecords=\"\" data-auto-index=\"off\" data-currency-format=\"$1,000.00\" data-head=\"on\" data-foot=\"\" data-responsive-mode=\"0\" role=\"grid\" style=\"height: 1084px;\">\n<thead><\/thead>\n<tbody>\n<tr role=\"row\" class=\"odd\" style=\"height: 96px;\">\n<td data-cell-id=\"A2\" class=\"\" data-x=\"0\" data-y=\"2\" data-original-value=\"Features  \" style=\"height: 96px; width: 158.578px;\">Eigenschaften<\/td>\n<td data-cell-id=\"B2\" class=\"\" data-x=\"1\" data-y=\"2\" data-original-value=\"On the sea front, 5 km from historical city center\" style=\"height: 96px; width: 164.422px;\">Erste Reihe zum Meer, 5 km vom historischen Zentrum der<br \/>Stadt entfernt<\/td>\n<\/tr>\n<tr role=\"row\" class=\"even\" style=\"height: 360px;\">\n<td data-cell-id=\"A3\" class=\"\" data-x=\"0\" data-y=\"3\" data-original-value=\"Number of Bedrooms  \" style=\"height: 360px; width: 158.578px;\">Anzahl der Schlafzimmer<\/td>\n<td data-cell-id=\"B3\" class=\"\" data-x=\"1\" data-y=\"3\" data-original-value=\"  2 Family room (2 + 2 pax), 5 Superior rooms (sea view), 16 Standard rooms, 3 Low Budget rooms, Two one bedroom Suites 2+2 with big terrace and sea view\" style=\"height: 360px; width: 164.422px;\">\n<p>2 Familienzimmer (2 + 2 Personen)<\/p>\n<p>5 Superiorzimmer (Meerblick)<\/p>\n<p>16 Standardzimmer<\/p>\n<p>3 Budget-Zimmer<\/p>\n<p>2 Apartments mit einem Schlafzimmer (2+2)<br \/>mit gro\u00dfer Terrasse und Meerblick<\/p>\n<\/td>\n<\/tr>\n<tr role=\"row\" class=\"odd\" style=\"height: 24px;\">\n<td data-cell-id=\"A4\" class=\"\" data-x=\"0\" data-y=\"4\" data-original-value=\"Total capacity  \" style=\"height: 24px; width: 158.578px;\">Gesamtkapazit\u00e4t<\/td>\n<td data-cell-id=\"B4\" class=\"\" data-x=\"1\" data-y=\"4\" data-original-value=\"66 beds\" style=\"height: 24px; width: 164.422px;\">66 etten<\/td>\n<\/tr>\n<tr role=\"row\" class=\"even\" style=\"height: 24px;\">\n<td data-cell-id=\"A5\" class=\"\" data-x=\"0\" data-y=\"5\" data-original-value=\"Balconies  \" style=\"height: 24px; width: 158.578px;\">Balkons<\/td>\n<td data-cell-id=\"B5\" class=\"\" data-x=\"1\" data-y=\"5\" data-original-value=\"Yes\" style=\"height: 24px; width: 164.422px;\">Ja<\/td>\n<\/tr>\n<tr role=\"row\" class=\"odd\" style=\"height: 24px;\">\n<td data-cell-id=\"A6\" class=\"\" data-x=\"0\" data-y=\"6\" data-original-value=\"Air Conditioning\/Heating  \" style=\"height: 24px; width: 158.578px;\">Klimaanlage\/Heizung<\/td>\n<td data-cell-id=\"B6\" class=\"\" data-x=\"1\" data-y=\"6\" data-original-value=\"Yes\" style=\"height: 24px; width: 164.422px;\">Ja<\/td>\n<\/tr>\n<tr role=\"row\" class=\"even\" style=\"height: 24px;\">\n<td data-cell-id=\"A7\" class=\"\" data-x=\"0\" data-y=\"7\" data-original-value=\"TV\/Satellite  \" style=\"height: 24px; width: 158.578px;\">Satellitenfernsehen<\/td>\n<td data-cell-id=\"B7\" class=\"\" data-x=\"1\" data-y=\"7\" data-original-value=\"Yes\" style=\"height: 24px; width: 164.422px;\">Ja<\/td>\n<\/tr>\n<tr role=\"row\" class=\"odd\" style=\"height: 24px;\">\n<td data-cell-id=\"A8\" class=\"\" data-x=\"0\" data-y=\"8\" data-original-value=\"Internet-wireless  \" style=\"height: 24px; width: 158.578px;\">WLAN<\/td>\n<td data-cell-id=\"B8\" class=\"\" data-x=\"1\" data-y=\"8\" data-original-value=\"Yes\" style=\"height: 24px; width: 164.422px;\">Ja<\/td>\n<\/tr>\n<tr role=\"row\" class=\"even\" style=\"height: 96px;\">\n<td data-cell-id=\"A9\" class=\"\" data-x=\"0\" data-y=\"9\" data-original-value=\"Meals  \" style=\"height: 96px; width: 158.578px;\">Mahlzeiten<\/td>\n<td data-cell-id=\"B9\" class=\"\" data-x=\"1\" data-y=\"9\" data-original-value=\"Bed &amp; Breakfast, Half Board, Full Board\" style=\"height: 96px; width: 164.422px;\">\u00dcbernachtung mit Fr\u00fchst\u00fcck, Halbpension, Vollpension<\/td>\n<\/tr>\n<tr role=\"row\" class=\"odd\" style=\"height: 96px;\">\n<td data-cell-id=\"A10\" class=\"\" data-x=\"0\" data-y=\"10\" data-original-value=\"Extras  \" style=\"height: 96px; width: 158.578px;\">Zusatzoptionen<\/td>\n<td data-cell-id=\"B10\" class=\"\" data-x=\"1\" data-y=\"10\" data-original-value=\"Possibility of organizing meetings, seminars and presentations\" style=\"height: 96px; width: 164.422px;\">M\u00f6glichkeit, Meetings, Seminare und Pr\u00e4sentationen<br \/>zu organisieren<\/td>\n<\/tr>\n<tr role=\"row\" class=\"even\" style=\"height: 48px;\">\n<td data-cell-id=\"A11\" class=\"\" data-x=\"0\" data-y=\"11\" data-original-value=\"Sea\/Beach  \" style=\"height: 48px; width: 158.578px;\">Meer\/Strand<\/td>\n<td data-cell-id=\"B11\" class=\"\" data-x=\"1\" data-y=\"11\" data-original-value=\"On site\" style=\"height: 48px; width: 164.422px;\">Auf der Website zu ersehen<\/td>\n<\/tr>\n<tr role=\"row\" class=\"odd\" style=\"height: 48px;\">\n<td data-cell-id=\"A12\" class=\"\" data-x=\"0\" data-y=\"12\" data-original-value=\"Shop  \" style=\"height: 48px; width: 158.578px;\">Gesch\u00e4ft<\/td>\n<td data-cell-id=\"B12\" class=\"\" data-x=\"1\" data-y=\"12\" data-original-value=\"5 minutes walk from the apartment\" style=\"height: 48px; width: 164.422px;\">5 Minuten zu Fu\u00df entfernt<\/td>\n<\/tr>\n<tr role=\"row\" class=\"even\" style=\"height: 120px;\">\n<td data-cell-id=\"A13\" class=\"\" data-x=\"0\" data-y=\"13\" data-original-value=\"Restaurants and bars  \" style=\"height: 120px; width: 158.578px;\">Restaurants und Bars<\/td>\n<td data-cell-id=\"B13\" class=\"\" data-x=\"1\" data-y=\"13\" data-original-value=\"There is a restaurant in the same complex (below the apartments)\" style=\"height: 120px; width: 164.422px;\">Das Restaurant befindet sich in demselben Komplex (unter der<br \/>Apartments)<\/td>\n<\/tr>\n<tr role=\"row\" class=\"odd\" style=\"height: 28px;\">\n<td data-cell-id=\"A14\" class=\"\" data-x=\"0\" data-y=\"14\" data-original-value=\"Bank  \" style=\"height: 28px; width: 158.578px;\">Bank<\/td>\n<td data-cell-id=\"B14\" class=\"\" data-x=\"1\" data-y=\"14\" data-original-value=\"In city center\" style=\"height: 28px; width: 164.422px;\">In der Innenstadt<\/td>\n<\/tr>\n<tr role=\"row\" class=\"even\" style=\"height: 24px;\">\n<td data-cell-id=\"A15\" class=\"\" data-x=\"0\" data-y=\"15\" data-original-value=\"Pharmacy  \" style=\"height: 24px; width: 158.578px;\">Apotheke<\/td>\n<td data-cell-id=\"B15\" class=\"\" data-x=\"1\" data-y=\"15\" data-original-value=\"5 min distance\" style=\"height: 24px; width: 164.422px;\">5 Minuten entfernt<\/td>\n<\/tr>\n<tr role=\"row\" class=\"odd\" style=\"height: 48px;\">\n<td data-cell-id=\"A16\" class=\"\" data-x=\"0\" data-y=\"16\" data-original-value=\"Airport  \" style=\"height: 48px; width: 158.578px;\">Flughafen<\/td>\n<td data-cell-id=\"B16\" class=\"\" data-x=\"1\" data-y=\"16\" data-original-value=\"25-30 minutes driving from Zadar Airport\" style=\"height: 48px; width: 164.422px;\">25-30-min\u00fctige Fahrt vom Flughafen Zadar<\/td>\n<\/tr>\n<\/tbody>\n<\/table>\n<\/div>\n<\/div>\n<div class=\"fusion-clearfix\"><\/div>\n<\/div>\n<\/div>\n<div class=\"fusion-one-half fusion-layout-column fusion-column-last fusion-spacing-yes\">\n<div class=\"fusion-column-wrapper\">\n<div class=\"supsystic-tables-wrap\">\n<div id=\"supsystic-table-20_wrapper\" class=\"dataTables_wrapper no-footer\">\n<table class=\"supsystic-table border row-border dataTable no-footer\" id=\"supsystic-table-20\" data-features=\"[]\" data-pagination-length=\"50,100,All\" data-lang=\"default\" data-override=\"{\" file=\"\" :=\"\" default=\"\" emptytable=\"\" info=\"\" infoempty=\"\" infofiltered=\"\" lengthmenu=\"\" search=\"\" zerorecords=\"\" data-auto-index=\"off\" data-currency-format=\"$1,000.00\" data-head=\"on\" data-foot=\"\" data-responsive-mode=\"0\" role=\"grid\">\n<thead>\n<tr role=\"row\">\n<th data-cell-id=\"A1\" class=\"bold htLeft sorting_disabled\" data-x=\"0\" data-y=\"1\" data-original-value=\"TRANSFERS  \" rowspan=\"1\" colspan=\"1\">TRANSFERS<\/th>\n<th data-cell-id=\"B1\" class=\"sorting_disabled\" data-x=\"1\" data-y=\"1\" data-original-value=\" \" rowspan=\"1\" colspan=\"1\"><\/th>\n<\/tr>\n<\/thead>\n<tbody>\n<tr role=\"row\" class=\"odd\">\n<td data-cell-id=\"A2\" class=\"\" data-x=\"0\" data-y=\"2\" data-colspan=\"2\" data-rowspan=\"1\" data-original-value=\"We organize all kinds of transports; from airport as well as from city terminal, harbor, railway station or bus terminal to hotel or private accommodation, or from your accommodation to desired location.\" colspan=\"2\">Wir organisieren alle Arten von Transfer; vom Flughafen sowie vom Stadtterminal, Hafen, Bahnhof oder Busbahnhof zum Hotel oder zur Privatunterkunft, oder von Ihrer Unterkunft zum gew\u00fcnschten Ort.<\/td>\n<\/tr>\n<tr role=\"row\" class=\"even\">\n<td data-cell-id=\"A3\" class=\"\" data-x=\"0\" data-y=\"3\" data-original-value=\"Phone  \">Telfon<\/td>\n<td data-cell-id=\"B3\" class=\"\" data-x=\"1\" data-y=\"3\" data-original-value=\"+385 (0)23 332 019\">+385 (0)23 332 019<\/td>\n<\/tr>\n<tr role=\"row\" class=\"odd\">\n<td data-cell-id=\"A4\" class=\"\" data-x=\"0\" data-y=\"4\" data-original-value=\"Mobile phone  \">Handynummer<\/td>\n<td data-cell-id=\"B4\" class=\"\" data-x=\"1\" data-y=\"4\" data-original-value=\"+385 (0)98 290987\">+385 (0)98 290987<\/td>\n<\/tr>\n<tr role=\"row\" class=\"even\">\n<td data-cell-id=\"A5\" class=\"\" data-x=\"0\" data-y=\"5\" data-original-value=\"E-mail address  \">E-Mail-Adresse<\/td>\n<td data-cell-id=\"B5\" class=\"\" data-x=\"1\" data-y=\"5\" data-original-value=\"hoteldelfinzadar@gmail.com\">hoteldelfinzadar@gmail.com<\/td>\n<\/tr>\n<tr role=\"row\" class=\"odd\">\n<td data-cell-id=\"A6\" class=\"bold\" data-x=\"0\" data-y=\"6\" data-original-value=\"PRICE  \">PREIS<\/td>\n<td data-cell-id=\"B6\" class=\"\" data-x=\"1\" data-y=\"6\" data-original-value=\" \"><\/td>\n<\/tr>\n<tr role=\"row\" class=\"even\">\n<td data-cell-id=\"A7\" class=\"\" data-x=\"0\" data-y=\"7\" data-original-value=\"One way transfer (max. 4 pax)  \">Transfer in eine Richtung (max. 4 Personen)<\/td>\n<td data-cell-id=\"B7\" class=\"\" data-x=\"1\" data-y=\"7\" data-original-value=\"200,00 Kn \/vehicle\">200,00 Kn \/Fahrzeug<\/td>\n<\/tr>\n<\/tbody>\n<\/table>\n<\/div>\n<\/div>\n<div class=\"supsystic-tables-wrap\">\n<div id=\"supsystic-table-21_wrapper\" class=\"dataTables_wrapper no-footer\">\n<table class=\"supsystic-table border row-border dataTable no-footer\" id=\"supsystic-table-21\" data-features=\"[]\" data-pagination-length=\"50,100,All\" data-lang=\"default\" data-override=\"{\" file=\"\" :=\"\" default=\"\" emptytable=\"\" info=\"\" infoempty=\"\" infofiltered=\"\" lengthmenu=\"\" search=\"\" zerorecords=\"\" data-auto-index=\"off\" data-currency-format=\"$1,000.00\" data-head=\"on\" data-foot=\"\" data-responsive-mode=\"0\" role=\"grid\">\n<thead>\n<tr role=\"row\">\n<th data-cell-id=\"A1\" class=\"bold sorting_disabled\" data-x=\"0\" data-y=\"1\" data-original-value=\"A LA CARTE RESTAURANT \" delfin=\"\" rowspan=\"1\" colspan=\"1\">A LA CARTE RESTAURANT &#8222;DELFIN&#8220;<\/th>\n<\/tr>\n<\/thead>\n<tbody>\n<tr role=\"row\" class=\"odd\">\n<td data-cell-id=\"A2\" class=\"\" data-x=\"0\" data-y=\"2\" data-original-value=\"pleasant ambience in Dalmatian style\">angenehmes Ambiente im dalmatinischen Stil<\/td>\n<\/tr>\n<tr role=\"row\" class=\"even\">\n<td data-cell-id=\"A3\" class=\"\" data-x=\"0\" data-y=\"3\" data-original-value=\"the possibility of organizing dinner, reception, and celebrations at affordable prices\">M\u00f6glichkeit, Abendessen, Empf\u00e4nge und Feiern zu erschwinglichen Preisen zu organisieren<\/td>\n<\/tr>\n<tr role=\"row\" class=\"odd\">\n<td data-cell-id=\"A4\" class=\"\" data-x=\"0\" data-y=\"4\" data-original-value=\"summer terrace overlooking the sea and breathtaking sunsets\">Sommerterrasse mit Meerblick und atemberaubende Sonnenunterg\u00e4nge<\/td>\n<\/tr>\n<tr role=\"row\" class=\"even\">\n<td data-cell-id=\"A5\" class=\"\" data-x=\"0\" data-y=\"5\" data-original-value=\"selection of meat and fish specialties\">Auswahl an Fleisch- und Fischspezialit\u00e4ten<\/td>\n<\/tr>\n<tr role=\"row\" class=\"odd\">\n<td data-cell-id=\"A6\" class=\"\" data-x=\"0\" data-y=\"6\" data-original-value=\"daily fresh fish and shellfish\">frischer Fisch und Schalentiere t\u00e4glich<\/td>\n<\/tr>\n<tr role=\"row\" class=\"even\">\n<td data-cell-id=\"A7\" class=\"\" data-x=\"0\" data-y=\"7\" data-original-value=\"tailored menus and weekly themed menus\">angepasste Speisekarten und thematische Wochenspeisekarten<\/td>\n<\/tr>\n<tr role=\"row\" class=\"odd\">\n<td data-cell-id=\"A8\" class=\"\" data-x=\"0\" data-y=\"8\" data-original-value=\"Capacity of 60 pax\">Kapazit\u00e4t f\u00fcr 60 Personen<\/td>\n<\/tr>\n<\/tbody>\n<\/table>\n<\/div>\n<\/div>\n<\/div>\n<\/div>\n<p>[\/et_pb_text][\/et_pb_column][\/et_pb_row][\/et_pb_section]<\/p>\n","protected":false},"excerpt":{"rendered":"<p>Impressum\u00dcber unsDas Hotel Delfin ist ein kleiner Apartments- und Zimmerkomplex mit Meerblick, direkt am Strand in der N\u00e4he des Zentrums von Zadar gelegen &#8211; es ist ein idealer Ort, wo Sie nicht nur Ihren Sommerurlaub und unsere K\u00fcche im Restaurant, sondern auch Erkundung der Region genie\u00dfen k\u00f6nnen.Innerhalb des Geb\u00e4udes gibt es ein Restaurant mit Terrasse [&hellip;]<\/p>\n","protected":false},"author":1,"featured_media":0,"parent":0,"menu_order":0,"comment_status":"closed","ping_status":"closed","template":"","meta":{"_et_pb_use_builder":"on","_et_pb_old_content":"","_et_gb_content_width":"","footnotes":""},"class_list":["post-251676","page","type-page","status-publish","hentry"],"acf":[],"_links":{"self":[{"href":"https:\/\/hotel-delfin.com.hr\/de\/wp-json\/wp\/v2\/pages\/251676","targetHints":{"allow":["GET"]}}],"collection":[{"href":"https:\/\/hotel-delfin.com.hr\/de\/wp-json\/wp\/v2\/pages"}],"about":[{"href":"https:\/\/hotel-delfin.com.hr\/de\/wp-json\/wp\/v2\/types\/page"}],"author":[{"embeddable":true,"href":"https:\/\/hotel-delfin.com.hr\/de\/wp-json\/wp\/v2\/users\/1"}],"replies":[{"embeddable":true,"href":"https:\/\/hotel-delfin.com.hr\/de\/wp-json\/wp\/v2\/comments?post=251676"}],"version-history":[{"count":4,"href":"https:\/\/hotel-delfin.com.hr\/de\/wp-json\/wp\/v2\/pages\/251676\/revisions"}],"predecessor-version":[{"id":251687,"href":"https:\/\/hotel-delfin.com.hr\/de\/wp-json\/wp\/v2\/pages\/251676\/revisions\/251687"}],"wp:attachment":[{"href":"https:\/\/hotel-delfin.com.hr\/de\/wp-json\/wp\/v2\/media?parent=251676"}],"curies":[{"name":"wp","href":"https:\/\/api.w.org\/{rel}","templated":true}]}}