{"id":242206,"date":"2022-02-17T08:32:27","date_gmt":"2022-02-17T08:32:27","guid":{"rendered":"https:\/\/hotel-delfin.com.hr\/galerija\/"},"modified":"2022-03-02T09:00:23","modified_gmt":"2022-03-02T09:00:23","slug":"galerija","status":"publish","type":"page","link":"https:\/\/hotel-delfin.com.hr\/hr\/galerija\/","title":{"rendered":"Galerija"},"content":{"rendered":"\n[et_pb_section fb_built=&#8221;1&#8243; custom_padding_last_edited=&#8221;on|phone&#8221; _builder_version=&#8221;4.14.1&#8243; background_enable_color=&#8221;off&#8221; background_color_gradient_start=&#8221;#000000&#8243; background_color_gradient_end=&#8221;#000000&#8243; background_enable_image=&#8221;off&#8221; custom_margin=&#8221;0px||0px||true|false&#8221; custom_padding=&#8221;37px|0px|37px|0px|true|true&#8221; custom_padding_tablet=&#8221;60px||60px||true|true&#8221; custom_padding_phone=&#8221;40px||40px||true|true&#8221; global_colors_info=&#8221;{}&#8221;][et_pb_row _builder_version=&#8221;4.0.7&#8243; custom_margin=&#8221;0px||0px||true|false&#8221; custom_padding=&#8221;0px|0px|0px|0px|true|true&#8221; global_colors_info=&#8221;{}&#8221;][et_pb_column type=&#8221;4_4&#8243; _builder_version=&#8221;4.0.7&#8243; global_colors_info=&#8221;{}&#8221;][et_pb_text admin_label=&#8221;Heading&#8221; _builder_version=&#8221;4.14.1&#8243; header_font=&#8221;Poppins|500|||||||&#8221; header_font_size=&#8221;50px&#8221; header_2_font=&#8221;Poppins||||||||&#8221; header_2_font_size=&#8221;40px&#8221; header_3_font=&#8221;Poppins||||||||&#8221; header_3_text_color=&#8221;#333333&#8243; header_3_font_size=&#8221;42px&#8221; header_3_letter_spacing=&#8221;1px&#8221; header_3_line_height=&#8221;52px&#8221; custom_margin=&#8221;0px||15px||false|false&#8221; custom_padding=&#8221;0px|0px|0px|0px|true|true&#8221; global_colors_info=&#8221;{}&#8221;]<h1 style=\"text-align: center\"><span style=\"font-weight: 400\">Galerija<\/span><\/h1>[\/et_pb_text][\/et_pb_column][\/et_pb_row][\/et_pb_section][et_pb_section fb_built=&#8221;1&#8243; custom_padding_last_edited=&#8221;on|phone&#8221; _builder_version=&#8221;4.0.7&#8243; background_color=&#8221;#ffffff&#8221; custom_margin=&#8221;0px||0px||true|false&#8221; custom_padding=&#8221;80px|0px|80px|0px|true|true&#8221; custom_padding_tablet=&#8221;60px||60px||true|true&#8221; custom_padding_phone=&#8221;40px||40px||true|true&#8221; global_colors_info=&#8221;{}&#8221;][et_pb_row column_structure=&#8221;1_2,1_2&#8243; use_custom_gutter=&#8221;on&#8221; gutter_width=&#8221;2&#8243; _builder_version=&#8221;4.0.7&#8243; custom_margin=&#8221;0px||0px||true|false&#8221; custom_padding=&#8221;0px|0px|0px|0px|true|true&#8221; global_colors_info=&#8221;{}&#8221;][et_pb_column type=&#8221;1_2&#8243; module_class=&#8221;pbt-divi-2col member-with-col member-with-0&#8243; _builder_version=&#8221;4.0.7&#8243; global_colors_info=&#8221;{}&#8221;][et_pb_text admin_label=&#8221;Heading&#8221; _builder_version=&#8221;4.14.1&#8243; header_2_font=&#8221;Poppins||||||||&#8221; header_2_font_size=&#8221;40px&#8221; header_3_font=&#8221;Poppins||||||||&#8221; header_3_text_color=&#8221;#333333&#8243; header_3_font_size=&#8221;42px&#8221; header_3_letter_spacing=&#8221;1px&#8221; header_3_line_height=&#8221;52px&#8221; custom_margin=&#8221;0px||15px||false|false&#8221; custom_padding=&#8221;0px|0px|0px|0px|true|true&#8221; global_colors_info=&#8221;{}&#8221;]<h2><span style=\"font-weight: 400\">Hotel<\/span><\/h2>[\/et_pb_text][et_pb_divider color=&#8221;#EE7F38&#8243; divider_weight=&#8221;3px&#8221; module_class=&#8221;theme-divider&#8221; _builder_version=&#8221;4.0.7&#8243; min_height=&#8221;0px&#8221; height=&#8221;0px&#8221; custom_margin=&#8221;0px||15px||false|false&#8221; custom_padding=&#8221;0px|0px|0px|0px|true|true&#8221; global_colors_info=&#8221;{}&#8221;][\/et_pb_divider][et_pb_gallery gallery_ids=&#8221;101131,101137,101139,101141,101129,101127&#8243; posts_number=&#8221;6&#8243; show_title_and_caption=&#8221;off&#8221; show_pagination=&#8221;off&#8221; _builder_version=&#8221;4.14.1&#8243; _module_preset=&#8221;default&#8221; hover_enabled=&#8221;0&#8243; border_color_all=&#8221;RGBA(255,255,255,0)&#8221; border_width_all_tablet=&#8221;&#8221; border_width_all_phone=&#8221;3px&#8221; border_width_all_last_edited=&#8221;on|phone&#8221; global_colors_info=&#8221;{}&#8221; sticky_enabled=&#8221;0&#8243;][\/et_pb_gallery][\/et_pb_column][et_pb_column type=&#8221;1_2&#8243; module_class=&#8221;pbt-divi-2col pbt-divi-last-col member-with-col&#8221; _builder_version=&#8221;4.0.7&#8243; global_colors_info=&#8221;{}&#8221;][et_pb_image src=&#8221;https:\/\/hotel-delfin.com.hr\/wp-content\/uploads\/2021\/12\/Hotel-Delfin-Zadar-5-e1640690210798.jpg&#8221; alt=&#8221;Hotel Delfin Zadar&#8221; title_text=&#8221;Hotel Delfin Zadar&#8221; admin_label=&#8221;Image &#8221; _builder_version=&#8221;4.14.1&#8243; custom_margin=&#8221;9px||9px||true|false&#8221; custom_padding=&#8221;0px|0px|0px|0px|true|true&#8221; hover_enabled=&#8221;0&#8243; global_colors_info=&#8221;{}&#8221; sticky_enabled=&#8221;0&#8243;][\/et_pb_image][et_pb_image src=&#8221;https:\/\/hotel-delfin.com.hr\/wp-content\/uploads\/2021\/12\/Hotel-Delfin-Zadar-4-1-e1640690195285.jpg&#8221; alt=&#8221;Hotel Delfin Zadar&#8221; title_text=&#8221;Hotel Delfin Zadar&#8221; admin_label=&#8221;Image &#8221; _builder_version=&#8221;4.14.1&#8243; custom_margin=&#8221;0px||0px||true|false&#8221; custom_padding=&#8221;0px|0px|0px|0px|true|true&#8221; hover_enabled=&#8221;0&#8243; global_colors_info=&#8221;{}&#8221; sticky_enabled=&#8221;0&#8243;][\/et_pb_image][\/et_pb_column][\/et_pb_row][\/et_pb_section][et_pb_section fb_built=&#8221;1&#8243; custom_padding_last_edited=&#8221;on|phone&#8221; _builder_version=&#8221;4.14.1&#8243; background_color=&#8221;#f6f6f6&#8243; custom_margin=&#8221;0px||0px||true|false&#8221; custom_padding=&#8221;80px|0px|80px|0px|true|true&#8221; custom_padding_tablet=&#8221;60px||60px||true|true&#8221; custom_padding_phone=&#8221;40px||40px||true|true&#8221; global_colors_info=&#8221;{}&#8221;][et_pb_row column_structure=&#8221;1_2,1_2&#8243; use_custom_gutter=&#8221;on&#8221; gutter_width=&#8221;2&#8243; _builder_version=&#8221;4.0.7&#8243; custom_margin=&#8221;0px||0px||true|false&#8221; custom_padding=&#8221;0px|0px|0px|0px|true|true&#8221; global_colors_info=&#8221;{}&#8221;][et_pb_column type=&#8221;1_2&#8243; module_class=&#8221;pbt-divi-2col member-with-col member-with-0&#8243; _builder_version=&#8221;4.0.7&#8243; global_colors_info=&#8221;{}&#8221;][et_pb_text admin_label=&#8221;Heading&#8221; _builder_version=&#8221;4.14.1&#8243; header_2_font=&#8221;Poppins||||||||&#8221; header_2_font_size=&#8221;40px&#8221; header_3_font=&#8221;Poppins||||||||&#8221; header_3_text_color=&#8221;#333333&#8243; header_3_font_size=&#8221;42px&#8221; header_3_letter_spacing=&#8221;1px&#8221; header_3_line_height=&#8221;52px&#8221; custom_margin=&#8221;0px||15px||false|false&#8221; custom_padding=&#8221;0px|0px|0px|0px|true|true&#8221; global_colors_info=&#8221;{}&#8221;]<h2><span style=\"font-weight: 400\">Restoran<\/span><\/h2>[\/et_pb_text][et_pb_divider color=&#8221;#EE7F38&#8243; divider_weight=&#8221;3px&#8221; module_class=&#8221;theme-divider&#8221; _builder_version=&#8221;4.0.7&#8243; min_height=&#8221;0px&#8221; height=&#8221;0px&#8221; custom_margin=&#8221;0px||15px||false|false&#8221; custom_padding=&#8221;0px|0px|0px|0px|true|true&#8221; global_colors_info=&#8221;{}&#8221;][\/et_pb_divider][et_pb_gallery gallery_ids=&#8221;101108,101110,101112,101114,101116,101120&#8243; posts_number=&#8221;6&#8243; show_title_and_caption=&#8221;off&#8221; show_pagination=&#8221;off&#8221; _builder_version=&#8221;4.14.1&#8243; _module_preset=&#8221;default&#8221; border_color_all=&#8221;RGBA(255,255,255,0)&#8221; border_width_all_tablet=&#8221;&#8221; border_width_all_phone=&#8221;3px&#8221; border_width_all_last_edited=&#8221;on|phone&#8221; global_colors_info=&#8221;{}&#8221;][\/et_pb_gallery][\/et_pb_column][et_pb_column type=&#8221;1_2&#8243; module_class=&#8221;pbt-divi-2col pbt-divi-last-col member-with-col&#8221; _builder_version=&#8221;4.0.7&#8243; global_colors_info=&#8221;{}&#8221;][et_pb_image src=&#8221;https:\/\/hotel-delfin.com.hr\/wp-content\/uploads\/2021\/12\/Hoitel-Delfin-Restaurant-in-Zadar.jpg&#8221; alt=&#8221;Restoran Hotel Delfin u Zadru&#8221; title_text=&#8221;Restoran Hotel Delfin u Zadru&#8221; admin_label=&#8221;Image &#8221; _builder_version=&#8221;4.14.1&#8243; custom_margin=&#8221;9px||9px||true|false&#8221; custom_padding=&#8221;0px|0px|0px|0px|true|true&#8221; global_colors_info=&#8221;{}&#8221;][\/et_pb_image][et_pb_image src=&#8221;https:\/\/hotel-delfin.com.hr\/wp-content\/uploads\/2021\/12\/Restaurant-e1640689093898.jpg&#8221; alt=&#8221;Zadarski restoran&#8221; title_text=&#8221;Zadarski restoran&#8221; admin_label=&#8221;Image &#8221; _builder_version=&#8221;4.14.1&#8243; custom_margin=&#8221;0px||0px||true|false&#8221; custom_padding=&#8221;0px|0px|0px|0px|true|true&#8221; global_colors_info=&#8221;{}&#8221;][\/et_pb_image][\/et_pb_column][\/et_pb_row][\/et_pb_section][et_pb_section fb_built=&#8221;1&#8243; custom_padding_last_edited=&#8221;on|phone&#8221; _builder_version=&#8221;4.0.7&#8243; background_color=&#8221;#ffffff&#8221; custom_margin=&#8221;0px||0px||true|false&#8221; custom_padding=&#8221;80px|0px|80px|0px|true|true&#8221; custom_padding_tablet=&#8221;60px||60px||true|true&#8221; custom_padding_phone=&#8221;40px||40px||true|true&#8221; global_colors_info=&#8221;{}&#8221;][et_pb_row column_structure=&#8221;1_2,1_2&#8243; use_custom_gutter=&#8221;on&#8221; gutter_width=&#8221;2&#8243; _builder_version=&#8221;4.0.7&#8243; custom_margin=&#8221;0px||0px||true|false&#8221; custom_padding=&#8221;0px|0px|0px|0px|true|true&#8221; global_colors_info=&#8221;{}&#8221;][et_pb_column type=&#8221;1_2&#8243; module_class=&#8221;pbt-divi-2col member-with-col member-with-0&#8243; _builder_version=&#8221;4.0.7&#8243; global_colors_info=&#8221;{}&#8221;][et_pb_text admin_label=&#8221;Heading&#8221; _builder_version=&#8221;4.14.1&#8243; header_2_font=&#8221;Poppins||||||||&#8221; header_2_font_size=&#8221;40px&#8221; header_3_font=&#8221;Poppins||||||||&#8221; header_3_text_color=&#8221;#333333&#8243; header_3_font_size=&#8221;42px&#8221; header_3_letter_spacing=&#8221;1px&#8221; header_3_line_height=&#8221;52px&#8221; custom_margin=&#8221;0px||15px||false|false&#8221; custom_padding=&#8221;0px|0px|0px|0px|true|true&#8221; hover_enabled=&#8221;0&#8243; global_colors_info=&#8221;{}&#8221; sticky_enabled=&#8221;0&#8243;]<h2><span style=\"font-weight: 400\">Smje\u0161taj<\/span><\/h2>[\/et_pb_text][et_pb_divider color=&#8221;#EE7F38&#8243; divider_weight=&#8221;3px&#8221; module_class=&#8221;theme-divider&#8221; _builder_version=&#8221;4.0.7&#8243; min_height=&#8221;0px&#8221; height=&#8221;0px&#8221; custom_margin=&#8221;0px||15px||false|false&#8221; custom_padding=&#8221;0px|0px|0px|0px|true|true&#8221; global_colors_info=&#8221;{}&#8221;][\/et_pb_divider][et_pb_gallery gallery_ids=&#8221;100679,100685,100725,100808,100810,100699&#8243; posts_number=&#8221;6&#8243; show_title_and_caption=&#8221;off&#8221; show_pagination=&#8221;off&#8221; _builder_version=&#8221;4.14.1&#8243; _module_preset=&#8221;default&#8221; hover_enabled=&#8221;0&#8243; border_color_all=&#8221;RGBA(255,255,255,0)&#8221; border_width_all_tablet=&#8221;&#8221; border_width_all_phone=&#8221;3px&#8221; border_width_all_last_edited=&#8221;on|phone&#8221; global_colors_info=&#8221;{}&#8221; sticky_enabled=&#8221;0&#8243;][\/et_pb_gallery][\/et_pb_column][et_pb_column type=&#8221;1_2&#8243; module_class=&#8221;pbt-divi-2col pbt-divi-last-col member-with-col&#8221; _builder_version=&#8221;4.0.7&#8243; global_colors_info=&#8221;{}&#8221;][et_pb_image src=&#8221;https:\/\/hotel-delfin.com.hr\/wp-content\/uploads\/2021\/12\/Superior-One-Bedroom-Suite-A1-sea-view-terrace-3.jpg&#8221; alt=&#8221;Superior jednosobni apartnam sa terasom i pogledom na more&#8221; title_text=&#8221;Superior jednosobni apartnam sa terasom i pogledom na more&#8221; admin_label=&#8221;Image &#8221; _builder_version=&#8221;4.14.1&#8243; custom_margin=&#8221;9px||9px||true|false&#8221; custom_padding=&#8221;0px|0px|0px|0px|true|true&#8221; hover_enabled=&#8221;0&#8243; global_colors_info=&#8221;{}&#8221; sticky_enabled=&#8221;0&#8243;][\/et_pb_image][et_pb_image src=&#8221;https:\/\/hotel-delfin.com.hr\/wp-content\/uploads\/2021\/11\/Double-or-Twin-Room-with-Balcony-1.jpg&#8221; alt=&#8221;Standardna dvokrevetna soba sa balkonom&#8221; title_text=&#8221;Standardna dvokrevetna soba sa balkonom&#8221; admin_label=&#8221;Image &#8221; _builder_version=&#8221;4.14.1&#8243; custom_margin=&#8221;0px||0px||true|false&#8221; custom_padding=&#8221;0px|0px|0px|0px|true|true&#8221; hover_enabled=&#8221;0&#8243; global_colors_info=&#8221;{}&#8221; sticky_enabled=&#8221;0&#8243;][\/et_pb_image][\/et_pb_column][\/et_pb_row][\/et_pb_section][et_pb_section fb_built=&#8221;1&#8243; custom_padding_last_edited=&#8221;on|phone&#8221; _builder_version=&#8221;4.14.1&#8243; background_color=&#8221;#f6f6f6&#8243; custom_margin=&#8221;0px||0px||true|false&#8221; custom_padding=&#8221;80px|0px|80px|0px|true|true&#8221; custom_padding_tablet=&#8221;60px||60px||true|true&#8221; custom_padding_phone=&#8221;40px||40px||true|true&#8221; global_colors_info=&#8221;{}&#8221;][et_pb_row column_structure=&#8221;1_2,1_2&#8243; use_custom_gutter=&#8221;on&#8221; gutter_width=&#8221;2&#8243; _builder_version=&#8221;4.0.7&#8243; custom_margin=&#8221;0px||0px||true|false&#8221; custom_padding=&#8221;0px|0px|0px|0px|true|true&#8221; global_colors_info=&#8221;{}&#8221;][et_pb_column type=&#8221;1_2&#8243; module_class=&#8221;pbt-divi-2col member-with-col member-with-0&#8243; _builder_version=&#8221;4.0.7&#8243; global_colors_info=&#8221;{}&#8221;][et_pb_text admin_label=&#8221;Heading&#8221; _builder_version=&#8221;4.14.1&#8243; header_2_font=&#8221;Poppins||||||||&#8221; header_2_font_size=&#8221;40px&#8221; header_3_font=&#8221;Poppins||||||||&#8221; header_3_text_color=&#8221;#333333&#8243; header_3_font_size=&#8221;42px&#8221; header_3_letter_spacing=&#8221;1px&#8221; header_3_line_height=&#8221;52px&#8221; custom_margin=&#8221;0px||15px||false|false&#8221; custom_padding=&#8221;0px|0px|0px|0px|true|true&#8221; hover_enabled=&#8221;0&#8243; global_colors_info=&#8221;{}&#8221; sticky_enabled=&#8221;0&#8243;]<h2><span style=\"font-weight: 400\">SPA, wellness i fitness<\/span><\/h2>[\/et_pb_text][et_pb_divider color=&#8221;#EE7F38&#8243; divider_weight=&#8221;3px&#8221; module_class=&#8221;theme-divider&#8221; _builder_version=&#8221;4.0.7&#8243; min_height=&#8221;0px&#8221; height=&#8221;0px&#8221; custom_margin=&#8221;0px||15px||false|false&#8221; custom_padding=&#8221;0px|0px|0px|0px|true|true&#8221; global_colors_info=&#8221;{}&#8221;][\/et_pb_divider][et_pb_gallery gallery_ids=&#8221;100857,100859,100861,100863,100865,100871&#8243; posts_number=&#8221;6&#8243; show_title_and_caption=&#8221;off&#8221; show_pagination=&#8221;off&#8221; _builder_version=&#8221;4.14.1&#8243; _module_preset=&#8221;default&#8221; hover_enabled=&#8221;0&#8243; border_color_all=&#8221;RGBA(255,255,255,0)&#8221; border_width_all_tablet=&#8221;&#8221; border_width_all_phone=&#8221;3px&#8221; border_width_all_last_edited=&#8221;on|phone&#8221; global_colors_info=&#8221;{}&#8221; sticky_enabled=&#8221;0&#8243;][\/et_pb_gallery][\/et_pb_column][et_pb_column type=&#8221;1_2&#8243; module_class=&#8221;pbt-divi-2col pbt-divi-last-col member-with-col&#8221; _builder_version=&#8221;4.0.7&#8243; global_colors_info=&#8221;{}&#8221;][et_pb_image src=&#8221;https:\/\/hotel-delfin.com.hr\/wp-content\/uploads\/2021\/12\/Relaxation-Area-1.jpg&#8221; alt=&#8221;Restoran Hotel Delfin u Zadru&#8221; title_text=&#8221;Prostor za opu\u0161tanje&#8221; admin_label=&#8221;Image &#8221; _builder_version=&#8221;4.14.1&#8243; custom_margin=&#8221;9px||9px||true|false&#8221; custom_padding=&#8221;0px|0px|0px|0px|true|true&#8221; hover_enabled=&#8221;0&#8243; global_colors_info=&#8221;{}&#8221; sticky_enabled=&#8221;0&#8243;][\/et_pb_image][et_pb_image src=&#8221;https:\/\/hotel-delfin.com.hr\/wp-content\/uploads\/2021\/12\/Fitness-Studio.jpg&#8221; alt=&#8221;Fitness Studio&#8221; title_text=&#8221;Fitness Studio&#8221; admin_label=&#8221;Image &#8221; _builder_version=&#8221;4.14.1&#8243; custom_margin=&#8221;0px||0px||true|false&#8221; custom_padding=&#8221;0px|0px|0px|0px|true|true&#8221; hover_enabled=&#8221;0&#8243; global_colors_info=&#8221;{}&#8221; sticky_enabled=&#8221;0&#8243;][\/et_pb_image][\/et_pb_column][\/et_pb_row][\/et_pb_section][et_pb_section fb_built=&#8221;1&#8243; custom_padding_last_edited=&#8221;on|phone&#8221; _builder_version=&#8221;4.0.7&#8243; background_color=&#8221;#ffffff&#8221; custom_margin=&#8221;0px||0px||true|false&#8221; custom_padding=&#8221;80px|0px|80px|0px|true|true&#8221; custom_padding_tablet=&#8221;60px||60px||true|true&#8221; custom_padding_phone=&#8221;40px||40px||true|true&#8221; global_colors_info=&#8221;{}&#8221;][et_pb_row column_structure=&#8221;1_2,1_2&#8243; use_custom_gutter=&#8221;on&#8221; gutter_width=&#8221;2&#8243; _builder_version=&#8221;4.0.7&#8243; custom_margin=&#8221;0px||0px||true|false&#8221; custom_padding=&#8221;0px|0px|0px|0px|true|true&#8221; global_colors_info=&#8221;{}&#8221;][et_pb_column type=&#8221;1_2&#8243; module_class=&#8221;pbt-divi-2col member-with-col member-with-0&#8243; _builder_version=&#8221;4.0.7&#8243; global_colors_info=&#8221;{}&#8221;][et_pb_text admin_label=&#8221;Heading&#8221; _builder_version=&#8221;4.14.1&#8243; header_2_font=&#8221;Poppins||||||||&#8221; header_2_font_size=&#8221;40px&#8221; header_3_font=&#8221;Poppins||||||||&#8221; header_3_text_color=&#8221;#333333&#8243; header_3_font_size=&#8221;42px&#8221; header_3_letter_spacing=&#8221;1px&#8221; header_3_line_height=&#8221;52px&#8221; custom_margin=&#8221;0px||15px||false|false&#8221; custom_padding=&#8221;0px|0px|0px|0px|true|true&#8221; hover_enabled=&#8221;0&#8243; global_colors_info=&#8221;{}&#8221; sticky_enabled=&#8221;0&#8243;]<h2><span style=\"font-weight: 400\">Sundack<\/span><\/h2>[\/et_pb_text][et_pb_divider color=&#8221;#EE7F38&#8243; divider_weight=&#8221;3px&#8221; module_class=&#8221;theme-divider&#8221; _builder_version=&#8221;4.0.7&#8243; min_height=&#8221;0px&#8221; height=&#8221;0px&#8221; custom_margin=&#8221;0px||15px||false|false&#8221; custom_padding=&#8221;0px|0px|0px|0px|true|true&#8221; global_colors_info=&#8221;{}&#8221;][\/et_pb_divider][et_pb_gallery gallery_ids=&#8221;100887,100889,100891,100893,100895,100883&#8243; posts_number=&#8221;6&#8243; show_title_and_caption=&#8221;off&#8221; show_pagination=&#8221;off&#8221; _builder_version=&#8221;4.14.1&#8243; _module_preset=&#8221;default&#8221; hover_enabled=&#8221;0&#8243; border_color_all=&#8221;RGBA(255,255,255,0)&#8221; border_width_all_tablet=&#8221;&#8221; border_width_all_phone=&#8221;3px&#8221; border_width_all_last_edited=&#8221;on|phone&#8221; global_colors_info=&#8221;{}&#8221; sticky_enabled=&#8221;0&#8243;][\/et_pb_gallery][\/et_pb_column][et_pb_column type=&#8221;1_2&#8243; module_class=&#8221;pbt-divi-2col pbt-divi-last-col member-with-col&#8221; _builder_version=&#8221;4.0.7&#8243; global_colors_info=&#8221;{}&#8221;][et_pb_image src=&#8221;https:\/\/hotel-delfin.com.hr\/wp-content\/uploads\/2021\/12\/Large-Sundack.jpg&#8221; alt=&#8221;Superior jednosobni apartnam sa terasom i pogledom na more&#8221; title_text=&#8221;Sun\u010dali\u0161te! Mjesto za opu\u0161tanje,sun\u010danje i u\u017eivanje u prekrasnom pogledu na more. Dobro do\u0161li!&#8221; admin_label=&#8221;Image &#8221; _builder_version=&#8221;4.14.1&#8243; custom_margin=&#8221;9px||9px||true|false&#8221; custom_padding=&#8221;0px|0px|0px|0px|true|true&#8221; hover_enabled=&#8221;0&#8243; global_colors_info=&#8221;{}&#8221; sticky_enabled=&#8221;0&#8243;][\/et_pb_image][et_pb_image src=&#8221;https:\/\/hotel-delfin.com.hr\/wp-content\/uploads\/2021\/12\/Sundack5.jpg&#8221; alt=&#8221;Sun\u010dali\u0161te! Mjesto za opu\u0161tanje,sun\u010danje i u\u017eivanje u prekrasnom pogledu na more.&#8221; title_text=&#8221;Sun\u010dali\u0161te! Mjesto za opu\u0161tanje,sun\u010danje i u\u017eivanje u prekrasnom pogledu na more.&#8221; admin_label=&#8221;Image &#8221; _builder_version=&#8221;4.14.1&#8243; custom_margin=&#8221;0px||0px||true|false&#8221; custom_padding=&#8221;0px|0px|0px|0px|true|true&#8221; hover_enabled=&#8221;0&#8243; global_colors_info=&#8221;{}&#8221; sticky_enabled=&#8221;0&#8243;][\/et_pb_image][\/et_pb_column][\/et_pb_row][\/et_pb_section]\n","protected":false},"excerpt":{"rendered":"<p>GalerijaHotelRestoranSmje\u0161tajSPA, wellness i fitnessSundack<\/p>\n","protected":false},"author":1,"featured_media":0,"parent":0,"menu_order":0,"comment_status":"closed","ping_status":"closed","template":"","meta":{"_et_pb_use_builder":"on","_et_pb_old_content":"","_et_gb_content_width":"","footnotes":""},"class_list":["post-242206","page","type-page","status-publish","hentry"],"acf":[],"_links":{"self":[{"href":"https:\/\/hotel-delfin.com.hr\/hr\/wp-json\/wp\/v2\/pages\/242206","targetHints":{"allow":["GET"]}}],"collection":[{"href":"https:\/\/hotel-delfin.com.hr\/hr\/wp-json\/wp\/v2\/pages"}],"about":[{"href":"https:\/\/hotel-delfin.com.hr\/hr\/wp-json\/wp\/v2\/types\/page"}],"author":[{"embeddable":true,"href":"https:\/\/hotel-delfin.com.hr\/hr\/wp-json\/wp\/v2\/users\/1"}],"replies":[{"embeddable":true,"href":"https:\/\/hotel-delfin.com.hr\/hr\/wp-json\/wp\/v2\/comments?post=242206"}],"version-history":[{"count":4,"href":"https:\/\/hotel-delfin.com.hr\/hr\/wp-json\/wp\/v2\/pages\/242206\/revisions"}],"predecessor-version":[{"id":243725,"href":"https:\/\/hotel-delfin.com.hr\/hr\/wp-json\/wp\/v2\/pages\/242206\/revisions\/243725"}],"wp:attachment":[{"href":"https:\/\/hotel-delfin.com.hr\/hr\/wp-json\/wp\/v2\/media?parent=242206"}],"curies":[{"name":"wp","href":"https:\/\/api.w.org\/{rel}","templated":true}]}}