{"id":242234,"date":"2022-02-17T08:58:05","date_gmt":"2022-02-17T08:58:05","guid":{"rendered":"https:\/\/hotel-delfin.com.hr\/kontaktirajte-nas\/"},"modified":"2022-03-02T08:54:20","modified_gmt":"2022-03-02T08:54:20","slug":"kontaktirajte-nas","status":"publish","type":"page","link":"https:\/\/hotel-delfin.com.hr\/hr\/kontaktirajte-nas\/","title":{"rendered":"Kontaktirajte nas"},"content":{"rendered":"\n[et_pb_section fb_built=&#8221;1&#8243; fullwidth=&#8221;on&#8221; _builder_version=&#8221;3.22&#8243; global_colors_info=&#8221;{}&#8221;][et_pb_fullwidth_code _builder_version=&#8221;4.14.1&#8243; _module_preset=&#8221;default&#8221; filter_saturate=&#8221;14%&#8221; filter_brightness=&#8221;69%&#8221; global_colors_info=&#8221;{}&#8221;][\/et_pb_fullwidth_code][\/et_pb_section][et_pb_section fb_built=&#8221;1&#8243; custom_padding_last_edited=&#8221;on|phone&#8221; _builder_version=&#8221;4.0.7&#8243; background_color=&#8221;#f5f5f5&#8243; custom_margin=&#8221;0px||0px||true|false&#8221; custom_padding=&#8221;23px|0px|23px|0px|true|true&#8221; custom_padding_tablet=&#8221;60px||60px||true|true&#8221; custom_padding_phone=&#8221;40px||40px||true|true&#8221; global_colors_info=&#8221;{}&#8221;][et_pb_row custom_padding_last_edited=&#8221;on|phone&#8221; _builder_version=&#8221;4.0.7&#8243; custom_margin=&#8221;0px||0px||false|false&#8221; custom_padding=&#8221;0px|0px|50px|0px|false|true&#8221; custom_padding_tablet=&#8221;||40px||false|true&#8221; custom_padding_phone=&#8221;||30px||false|true&#8221; global_colors_info=&#8221;{}&#8221;][et_pb_column type=&#8221;4_4&#8243; _builder_version=&#8221;4.0.7&#8243; global_colors_info=&#8221;{}&#8221;][et_pb_image src=&#8221;https:\/\/hotel-delfin.com.hr\/wp-content\/uploads\/2021\/11\/100x14x1.png&#8221; title_text=&#8221;100x14x1&#8243; align=&#8221;center&#8221; admin_label=&#8221;Section Heading Under Line&#8221; _builder_version=&#8221;4.9.2&#8243; custom_margin=&#8221;0px||15px||false|false&#8221; custom_padding=&#8221;0px|0px|0px|0px|true|true&#8221; global_colors_info=&#8221;{}&#8221;][\/et_pb_image][et_pb_text admin_label=&#8221;Section Heading&#8221; _builder_version=&#8221;4.0.7&#8243; header_2_font=&#8221;Poppins||||||||&#8221; header_2_text_align=&#8221;center&#8221; header_2_text_color=&#8221;#333333&#8243; header_2_font_size=&#8221;50px&#8221; header_2_letter_spacing=&#8221;1px&#8221; header_2_line_height=&#8221;60px&#8221; custom_margin=&#8221;||15px||false|false&#8221; custom_margin_tablet=&#8221;||10px||false|false&#8221; custom_margin_phone=&#8221;&#8221; custom_margin_last_edited=&#8221;on|tablet&#8221; custom_padding=&#8221;0px||0px|0px|true|false&#8221; global_colors_info=&#8221;{}&#8221;]<h2>Na\u0161 kontakt<\/h2>[\/et_pb_text][\/et_pb_column][\/et_pb_row][\/et_pb_section][et_pb_section fb_built=&#8221;1&#8243; custom_padding_last_edited=&#8221;on|phone&#8221; _builder_version=&#8221;4.0.7&#8243; background_color=&#8221;#ffffff&#8221; custom_margin=&#8221;0px||0px||true|false&#8221; custom_padding=&#8221;80px|0px|80px|0px|true|true&#8221; custom_padding_tablet=&#8221;60px||60px||true|true&#8221; custom_padding_phone=&#8221;40px||40px||true|true&#8221; global_colors_info=&#8221;{}&#8221;][et_pb_row column_structure=&#8221;1_3,1_3,1_3&#8243; use_custom_gutter=&#8221;on&#8221; gutter_width=&#8221;2&#8243; _builder_version=&#8221;4.0.7&#8243; custom_margin=&#8221;0px||0px||true|false&#8221; custom_padding=&#8221;0px|0px|0px|0px|true|true&#8221; global_colors_info=&#8221;{}&#8221;][et_pb_column type=&#8221;1_3&#8243; module_class=&#8221;con-page-col pbt-divi-3col&#8221; _builder_version=&#8221;4.0.7&#8243; background_color=&#8221;#f2f2f2&#8243; custom_padding=&#8221;30px|30px|30px|30px|true|true&#8221; global_colors_info=&#8221;{}&#8221;][et_pb_text admin_label=&#8221;Team Heading&#8221; _builder_version=&#8221;4.0.7&#8243; header_5_font=&#8221;Poppins||||||||&#8221; header_5_text_align=&#8221;left&#8221; header_5_text_color=&#8221;#333333&#8243; header_5_font_size=&#8221;24px&#8221; header_5_letter_spacing=&#8221;1px&#8221; header_5_line_height=&#8221;34px&#8221; custom_margin=&#8221;0px||15px||false|false&#8221; custom_padding=&#8221;0px|0px|0px|0px|true|true&#8221; link_option_url=&#8221;#&#8221; global_colors_info=&#8221;{}&#8221; header_5_text_color__hover_enabled=&#8221;on|desktop&#8221; header_5_text_color__hover=&#8221;&#8221;]<h5>Adresa<\/h5>[\/et_pb_text][et_pb_text _builder_version=&#8221;4.14.1&#8243; text_font=&#8221;Open Sans||||||||&#8221; text_text_color=&#8221;#999999&#8243; text_letter_spacing=&#8221;1px&#8221; custom_margin=&#8221;0px||0px||true|false&#8221; custom_padding=&#8221;0px|0px|0px|0px|true|true&#8221; global_colors_info=&#8221;{}&#8221;]<p style=\"padding-bottom: 5px\"><span>Kre\u0161imirova obala 96<\/span><\/p>[\/et_pb_text][et_pb_text _builder_version=&#8221;4.14.1&#8243; text_font=&#8221;Open Sans||||||||&#8221; text_text_color=&#8221;#999999&#8243; text_letter_spacing=&#8221;1px&#8221; custom_margin=&#8221;0px||0px||true|false&#8221; custom_padding=&#8221;0px|0px|0px|0px|true|true&#8221; global_colors_info=&#8221;{}&#8221;]<p>23000 Zadar, Hrvatska<\/p>[\/et_pb_text][\/et_pb_column][et_pb_column type=&#8221;1_3&#8243; module_class=&#8221;con-page-col con-page-col-last pbt-divi-3col&#8221; _builder_version=&#8221;4.0.7&#8243; background_color=&#8221;#f2f2f2&#8243; custom_padding=&#8221;30px|30px|30px|30px|true|true&#8221; global_colors_info=&#8221;{}&#8221;][et_pb_text admin_label=&#8221;Team Heading&#8221; _builder_version=&#8221;4.0.7&#8243; header_5_font=&#8221;Poppins||||||||&#8221; header_5_text_align=&#8221;left&#8221; header_5_text_color=&#8221;#333333&#8243; header_5_font_size=&#8221;24px&#8221; header_5_letter_spacing=&#8221;1px&#8221; header_5_line_height=&#8221;34px&#8221; custom_margin=&#8221;0px||15px||false|false&#8221; custom_padding=&#8221;0px|0px|0px|0px|true|true&#8221; link_option_url=&#8221;#&#8221; global_colors_info=&#8221;{}&#8221; header_5_text_color__hover_enabled=&#8221;on|desktop&#8221; header_5_text_color__hover=&#8221;&#8221;]<h5>Telefon<\/h5>[\/et_pb_text][et_pb_text module_class=&#8221;theme-hover-color-1&#8243; _builder_version=&#8221;4.14.1&#8243; text_font=&#8221;Open Sans||||||||&#8221; text_text_color=&#8221;#999999&#8243; text_letter_spacing=&#8221;1px&#8221; custom_margin=&#8221;0px||0px||true|false&#8221; custom_padding=&#8221;0px|0px|0px|0px|true|true&#8221; link_option_url=&#8221;#&#8221; global_colors_info=&#8221;{}&#8221; text_text_color__hover_enabled=&#8221;on|hover&#8221; text_text_color__hover=&#8221;#EE7F38&#8243;]<p style=\"padding-bottom: 5px\"><span style=\"color: #999999\"><a href=\"38523332019\" style=\"color: #999999\">+385(0)23 332 019<\/a><\/span><\/p>\n<p style=\"padding-bottom: 5px\"><span style=\"color: #999999\"><\/span><\/p>\n<p style=\"padding-bottom: 5px\"><span style=\"color: #999999\"><\/span><\/p>\n<p style=\"padding-bottom: 5px\"><span style=\"color: #999999\"><\/span><\/p>\n<p style=\"padding-bottom: 5px\"><span style=\"color: #999999\"><\/span><\/p>\n<p style=\"padding-bottom: 5px\"><span style=\"color: #999999\"><\/span><\/p>[\/et_pb_text][\/et_pb_column][et_pb_column type=&#8221;1_3&#8243; module_class=&#8221;con-page-col con-page-col-last pbt-divi-3col pbt-divi-last-col&#8221; _builder_version=&#8221;4.0.7&#8243; background_color=&#8221;#f2f2f2&#8243; custom_padding=&#8221;30px|30px|30px|30px|true|true&#8221; global_colors_info=&#8221;{}&#8221;][et_pb_text admin_label=&#8221;Team Heading&#8221; _builder_version=&#8221;4.0.7&#8243; header_5_font=&#8221;Poppins||||||||&#8221; header_5_text_align=&#8221;left&#8221; header_5_text_color=&#8221;#333333&#8243; header_5_font_size=&#8221;24px&#8221; header_5_letter_spacing=&#8221;1px&#8221; header_5_line_height=&#8221;34px&#8221; custom_margin=&#8221;0px||15px||false|false&#8221; custom_padding=&#8221;0px|0px|0px|0px|true|true&#8221; link_option_url=&#8221;#&#8221; global_colors_info=&#8221;{}&#8221; header_5_text_color__hover_enabled=&#8221;on|desktop&#8221; header_5_text_color__hover=&#8221;&#8221;]<h5>Web<\/h5>[\/et_pb_text][et_pb_text module_class=&#8221;theme-hover-color-1&#8243; _builder_version=&#8221;4.14.1&#8243; text_font=&#8221;Open Sans||||||||&#8221; text_text_color=&#8221;#999999&#8243; text_letter_spacing=&#8221;1px&#8221; custom_margin=&#8221;0px||0px||true|false&#8221; custom_padding=&#8221;0px|0px|0px|0px|true|true&#8221; link_option_url=&#8221;#&#8221; global_colors_info=&#8221;{}&#8221; text_text_color__hover_enabled=&#8221;on|hover&#8221; text_text_color__hover=&#8221;#EE7F38&#8243;]<p style=\"padding-bottom: 5px\"><span style=\"color: #999999\"><a href=\"mailto:hoteldelfinzadar@gmail.com\" style=\"color: #999999\">hoteldelfinzadar@gmail.com<\/a><\/span><\/p>[\/et_pb_text][et_pb_text module_class=&#8221;theme-hover-color-1&#8243; _builder_version=&#8221;4.14.1&#8243; text_font=&#8221;Open Sans||||||||&#8221; text_text_color=&#8221;#999999&#8243; text_letter_spacing=&#8221;1px&#8221; custom_margin=&#8221;0px||0px||true|false&#8221; custom_padding=&#8221;0px|0px|0px|0px|true|true&#8221; link_option_url=&#8221;#&#8221; global_colors_info=&#8221;{}&#8221; text_text_color__hover_enabled=&#8221;on|hover&#8221; text_text_color__hover=&#8221;#EE7F38&#8243;]<p><span style=\"color: #999999\"><a href=\"https:\/\/hotel-delfin.com.hr\/hr\/\" style=\"color: #999999\">hotel-delfin.com.hr<\/a><\/span><\/p>[\/et_pb_text][\/et_pb_column][\/et_pb_row][\/et_pb_section][et_pb_section fb_built=&#8221;1&#8243; custom_padding_last_edited=&#8221;on|phone&#8221; _builder_version=&#8221;4.0.7&#8243; background_color=&#8221;#f5f5f5&#8243; custom_margin=&#8221;0px||0px||true|false&#8221; custom_padding=&#8221;80px|0px|80px|0px|true|true&#8221; custom_padding_tablet=&#8221;60px||60px||true|true&#8221; custom_padding_phone=&#8221;40px||40px||true|true&#8221; global_colors_info=&#8221;{}&#8221;][et_pb_row column_structure=&#8221;1_2,1_2&#8243; use_custom_gutter=&#8221;on&#8221; gutter_width=&#8221;2&#8243; _builder_version=&#8221;4.0.7&#8243; custom_margin=&#8221;0px||0px||true|false&#8221; custom_padding=&#8221;0px||0px|0px|false|false&#8221; global_colors_info=&#8221;{}&#8221;][et_pb_column type=&#8221;1_2&#8243; module_class=&#8221;pbt-divi-2col  contact-col cont-form-mar-0 contac-page-col&#8221; _builder_version=&#8221;4.0.7&#8243; global_colors_info=&#8221;{}&#8221;][et_pb_image src=&#8221;https:\/\/hotel-delfin.com.hr\/wp-content\/uploads\/2021\/12\/Sundack3.jpg&#8221; alt=&#8221;Sun\u010dali\u0161te u Hotelu Zadar&#8221; title_text=&#8221;Sun\u010dali\u0161te u Hotelu Zadar&#8221; _builder_version=&#8221;4.14.1&#8243; global_colors_info=&#8221;{}&#8221;][\/et_pb_image][\/et_pb_column][et_pb_column type=&#8221;1_2&#8243; module_class=&#8221;pbt-divi-2col pbt-divi-last-col contact-col contac-page-col&#8221; _builder_version=&#8221;4.0.7&#8243; global_colors_info=&#8221;{}&#8221;][et_pb_text admin_label=&#8221;Team Heading&#8221; _builder_version=&#8221;4.0.7&#8243; header_4_font=&#8221;Poppins||||||||&#8221; header_4_text_color=&#8221;#333333&#8243; header_4_font_size=&#8221;35px&#8221; header_4_letter_spacing=&#8221;1px&#8221; header_4_line_height=&#8221;45px&#8221; header_5_font=&#8221;Poppins||||||||&#8221; header_5_text_align=&#8221;center&#8221; header_5_text_color=&#8221;#333333&#8243; header_5_font_size=&#8221;24px&#8221; header_5_letter_spacing=&#8221;1px&#8221; header_5_line_height=&#8221;34px&#8221; custom_margin=&#8221;0px||15px||false|false&#8221; custom_padding=&#8221;0px|0px|0px|0px|true|true&#8221; link_option_url=&#8221;#&#8221; global_colors_info=&#8221;{}&#8221; header_5_text_color__hover_enabled=&#8221;on|hover&#8221; header_5_text_color__hover=&#8221;#EE7F38&#8243;]<h4>Kontaktirajte nas<\/h4>[\/et_pb_text][et_pb_text admin_label=&#8221;Monthly Offer Content&#8221; _builder_version=&#8221;4.14.1&#8243; text_font=&#8221;Open Sans||||||||&#8221; text_text_color=&#8221;#666666&#8243; text_line_height=&#8221;24px&#8221; custom_margin=&#8221;0px||0px||true|false&#8221; custom_padding=&#8221;0px|0px|30px|0px|false|true&#8221; global_colors_info=&#8221;{}&#8221;]<p><span>Po\u0161aljite nam poruku i mi \u0107emo vam se javiti u najkra\u0107em mogu\u0107em roku<\/span><\/p>[\/et_pb_text][et_pb_contact_form captcha=&#8221;off&#8221; email=&#8221;hoteldelfinzadar@gmail.com&#8221; custom_message=&#8221;Kontakt sa stranice za kontakt||et_pb_line_break_holder||||et_pb_line_break_holder||Ime: %%First_Name%% ||et_pb_line_break_holder||Prezime: %%Last_Name%% ||et_pb_line_break%%%%|Va\u0161 telefonski broj: %%Your_Number%% | et_pb_line_break_holder||E-po\u0161ta: %%Email%% ||et_pb_line_break_holder||Poruka: %%Message%%&#8221; use_redirect=&#8221;on&#8221; redirect_url=&#8221;https:\/\/hotel-delfin.com.hr\/hr\/hvala-vam-kontakt\/&#8221; submit_button_text=&#8221;Po\u0161alji&#8221; module_class=&#8221;contant-contactus-form&#8221; _builder_version=&#8221;4.14.7&#8243; _unique_id=&#8221;a2641eda-35ed-4eb6-8208-273e77f8fcfe&#8221; form_field_background_color=&#8221;rgba(0,0,0,0)&#8221; form_field_text_color=&#8221;#666666&#8243; form_field_font=&#8221;Open Sans||||||||&#8221; custom_button=&#8221;on&#8221; button_text_size=&#8221;16px&#8221; button_text_color=&#8221;#ffffff&#8221; button_bg_color=&#8221;#ee7f38&#8243; button_border_color=&#8221;#ee7f38&#8243; button_border_radius=&#8221;5px&#8221; button_letter_spacing=&#8221;1px&#8221; button_font=&#8221;Open Sans||||||||&#8221; button_use_icon=&#8221;off&#8221; button_custom_margin=&#8221;30px||||false|false&#8221; button_custom_padding=&#8221;12px|20px|12px|20px|true|true&#8221; hover_enabled=&#8221;0&#8243; custom_css_contact_fields=&#8221;border: 1px solid #666666;||background-color:||transparent;&#8221; border_radii=&#8221;on|5px|5px|5px|5px&#8221; border_width_all=&#8221;1px&#8221; border_color_all=&#8221;#dddddd&#8221; global_colors_info=&#8221;{}&#8221; button_bg_color__hover_enabled=&#8221;on|desktop&#8221; button_bg_color__hover=&#8221;rgba(238,127,56,0)&#8221; button_bg_enable_color__hover=&#8221;on&#8221; button_text_color__hover_enabled=&#8221;on|desktop&#8221; button_text_color__hover=&#8221;#333333&#8243; sticky_enabled=&#8221;0&#8243;][et_pb_contact_field field_id=&#8221;First_Name&#8221; field_title=&#8221;Ime&#8221; _builder_version=&#8221;4.0.7&#8243; global_colors_info=&#8221;{}&#8221; button_text_size__hover_enabled=&#8221;off&#8221; button_one_text_size__hover_enabled=&#8221;off&#8221; button_two_text_size__hover_enabled=&#8221;off&#8221; button_text_color__hover_enabled=&#8221;off&#8221; button_one_text_color__hover_enabled=&#8221;off&#8221; button_two_text_color__hover_enabled=&#8221;off&#8221; button_border_width__hover_enabled=&#8221;off&#8221; button_one_border_width__hover_enabled=&#8221;off&#8221; button_two_border_width__hover_enabled=&#8221;off&#8221; button_border_color__hover_enabled=&#8221;off&#8221; button_one_border_color__hover_enabled=&#8221;off&#8221; button_two_border_color__hover_enabled=&#8221;off&#8221; button_border_radius__hover_enabled=&#8221;off&#8221; button_one_border_radius__hover_enabled=&#8221;off&#8221; button_two_border_radius__hover_enabled=&#8221;off&#8221; button_letter_spacing__hover_enabled=&#8221;off&#8221; button_one_letter_spacing__hover_enabled=&#8221;off&#8221; button_two_letter_spacing__hover_enabled=&#8221;off&#8221; button_bg_color__hover_enabled=&#8221;off&#8221; button_one_bg_color__hover_enabled=&#8221;off&#8221; button_two_bg_color__hover_enabled=&#8221;off&#8221;][\/et_pb_contact_field][et_pb_contact_field field_id=&#8221;Last_Name&#8221; field_title=&#8221;Prezime&#8221; _builder_version=&#8221;4.0.7&#8243; global_colors_info=&#8221;{}&#8221; button_text_size__hover_enabled=&#8221;off&#8221; button_one_text_size__hover_enabled=&#8221;off&#8221; button_two_text_size__hover_enabled=&#8221;off&#8221; button_text_color__hover_enabled=&#8221;off&#8221; button_one_text_color__hover_enabled=&#8221;off&#8221; button_two_text_color__hover_enabled=&#8221;off&#8221; button_border_width__hover_enabled=&#8221;off&#8221; button_one_border_width__hover_enabled=&#8221;off&#8221; button_two_border_width__hover_enabled=&#8221;off&#8221; button_border_color__hover_enabled=&#8221;off&#8221; button_one_border_color__hover_enabled=&#8221;off&#8221; button_two_border_color__hover_enabled=&#8221;off&#8221; button_border_radius__hover_enabled=&#8221;off&#8221; button_one_border_radius__hover_enabled=&#8221;off&#8221; button_two_border_radius__hover_enabled=&#8221;off&#8221; button_letter_spacing__hover_enabled=&#8221;off&#8221; button_one_letter_spacing__hover_enabled=&#8221;off&#8221; button_two_letter_spacing__hover_enabled=&#8221;off&#8221; button_bg_color__hover_enabled=&#8221;off&#8221; button_one_bg_color__hover_enabled=&#8221;off&#8221; button_two_bg_color__hover_enabled=&#8221;off&#8221;][\/et_pb_contact_field][et_pb_contact_field field_id=&#8221;Your_Number&#8221; field_title=&#8221;Broj telefona&#8221; _builder_version=&#8221;4.0.7&#8243; global_colors_info=&#8221;{}&#8221; button_text_size__hover_enabled=&#8221;off&#8221; button_one_text_size__hover_enabled=&#8221;off&#8221; button_two_text_size__hover_enabled=&#8221;off&#8221; button_text_color__hover_enabled=&#8221;off&#8221; button_one_text_color__hover_enabled=&#8221;off&#8221; button_two_text_color__hover_enabled=&#8221;off&#8221; button_border_width__hover_enabled=&#8221;off&#8221; button_one_border_width__hover_enabled=&#8221;off&#8221; button_two_border_width__hover_enabled=&#8221;off&#8221; button_border_color__hover_enabled=&#8221;off&#8221; button_one_border_color__hover_enabled=&#8221;off&#8221; button_two_border_color__hover_enabled=&#8221;off&#8221; button_border_radius__hover_enabled=&#8221;off&#8221; button_one_border_radius__hover_enabled=&#8221;off&#8221; button_two_border_radius__hover_enabled=&#8221;off&#8221; button_letter_spacing__hover_enabled=&#8221;off&#8221; button_one_letter_spacing__hover_enabled=&#8221;off&#8221; button_two_letter_spacing__hover_enabled=&#8221;off&#8221; button_bg_color__hover_enabled=&#8221;off&#8221; button_one_bg_color__hover_enabled=&#8221;off&#8221; button_two_bg_color__hover_enabled=&#8221;off&#8221;][\/et_pb_contact_field][et_pb_contact_field field_id=&#8221;Email&#8221; field_title=&#8221;Email adresa&#8221; field_type=&#8221;email&#8221; _builder_version=&#8221;4.0.7&#8243; global_colors_info=&#8221;{}&#8221; button_text_size__hover_enabled=&#8221;off&#8221; button_one_text_size__hover_enabled=&#8221;off&#8221; button_two_text_size__hover_enabled=&#8221;off&#8221; button_text_color__hover_enabled=&#8221;off&#8221; button_one_text_color__hover_enabled=&#8221;off&#8221; button_two_text_color__hover_enabled=&#8221;off&#8221; button_border_width__hover_enabled=&#8221;off&#8221; button_one_border_width__hover_enabled=&#8221;off&#8221; button_two_border_width__hover_enabled=&#8221;off&#8221; button_border_color__hover_enabled=&#8221;off&#8221; button_one_border_color__hover_enabled=&#8221;off&#8221; button_two_border_color__hover_enabled=&#8221;off&#8221; button_border_radius__hover_enabled=&#8221;off&#8221; button_one_border_radius__hover_enabled=&#8221;off&#8221; button_two_border_radius__hover_enabled=&#8221;off&#8221; button_letter_spacing__hover_enabled=&#8221;off&#8221; button_one_letter_spacing__hover_enabled=&#8221;off&#8221; button_two_letter_spacing__hover_enabled=&#8221;off&#8221; button_bg_color__hover_enabled=&#8221;off&#8221; button_one_bg_color__hover_enabled=&#8221;off&#8221; button_two_bg_color__hover_enabled=&#8221;off&#8221;][\/et_pb_contact_field][et_pb_contact_field field_id=&#8221;Message&#8221; field_title=&#8221;Poruka&#8221; field_type=&#8221;text&#8221; fullwidth_field=&#8221;on&#8221; _builder_version=&#8221;4.0.7&#8243; global_colors_info=&#8221;{}&#8221; button_text_size__hover_enabled=&#8221;off&#8221; button_one_text_size__hover_enabled=&#8221;off&#8221; button_two_text_size__hover_enabled=&#8221;off&#8221; button_text_color__hover_enabled=&#8221;off&#8221; button_one_text_color__hover_enabled=&#8221;off&#8221; button_two_text_color__hover_enabled=&#8221;off&#8221; button_border_width__hover_enabled=&#8221;off&#8221; button_one_border_width__hover_enabled=&#8221;off&#8221; button_two_border_width__hover_enabled=&#8221;off&#8221; button_border_color__hover_enabled=&#8221;off&#8221; button_one_border_color__hover_enabled=&#8221;off&#8221; button_two_border_color__hover_enabled=&#8221;off&#8221; button_border_radius__hover_enabled=&#8221;off&#8221; button_one_border_radius__hover_enabled=&#8221;off&#8221; button_two_border_radius__hover_enabled=&#8221;off&#8221; button_letter_spacing__hover_enabled=&#8221;off&#8221; button_one_letter_spacing__hover_enabled=&#8221;off&#8221; button_two_letter_spacing__hover_enabled=&#8221;off&#8221; button_bg_color__hover_enabled=&#8221;off&#8221; button_one_bg_color__hover_enabled=&#8221;off&#8221; button_two_bg_color__hover_enabled=&#8221;off&#8221;][\/et_pb_contact_field][\/et_pb_contact_form][\/et_pb_column][\/et_pb_row][\/et_pb_section]\n","protected":false},"excerpt":{"rendered":"<p>Na\u0161 kontaktAdresaKre\u0161imirova obala 9623000 Zadar, HrvatskaTelefon+385(0)23 332 019 Webhoteldelfinzadar@gmail.comhotel-delfin.com.hrKontaktirajte nasPo\u0161aljite nam poruku i mi \u0107emo vam se javiti u najkra\u0107em mogu\u0107em roku<\/p>\n","protected":false},"author":2,"featured_media":0,"parent":0,"menu_order":0,"comment_status":"closed","ping_status":"closed","template":"","meta":{"_et_pb_use_builder":"on","_et_pb_old_content":"","_et_gb_content_width":"","footnotes":""},"class_list":["post-242234","page","type-page","status-publish","hentry"],"acf":[],"_links":{"self":[{"href":"https:\/\/hotel-delfin.com.hr\/hr\/wp-json\/wp\/v2\/pages\/242234","targetHints":{"allow":["GET"]}}],"collection":[{"href":"https:\/\/hotel-delfin.com.hr\/hr\/wp-json\/wp\/v2\/pages"}],"about":[{"href":"https:\/\/hotel-delfin.com.hr\/hr\/wp-json\/wp\/v2\/types\/page"}],"author":[{"embeddable":true,"href":"https:\/\/hotel-delfin.com.hr\/hr\/wp-json\/wp\/v2\/users\/2"}],"replies":[{"embeddable":true,"href":"https:\/\/hotel-delfin.com.hr\/hr\/wp-json\/wp\/v2\/comments?post=242234"}],"version-history":[{"count":9,"href":"https:\/\/hotel-delfin.com.hr\/hr\/wp-json\/wp\/v2\/pages\/242234\/revisions"}],"predecessor-version":[{"id":243723,"href":"https:\/\/hotel-delfin.com.hr\/hr\/wp-json\/wp\/v2\/pages\/242234\/revisions\/243723"}],"wp:attachment":[{"href":"https:\/\/hotel-delfin.com.hr\/hr\/wp-json\/wp\/v2\/media?parent=242234"}],"curies":[{"name":"wp","href":"https:\/\/api.w.org\/{rel}","templated":true}]}}