{"id":242255,"date":"2022-02-17T11:24:46","date_gmt":"2022-02-17T11:24:46","guid":{"rendered":"https:\/\/hotel-delfin.com.hr\/impressum\/"},"modified":"2022-03-02T09:07:27","modified_gmt":"2022-03-02T09:07:27","slug":"impressum","status":"publish","type":"page","link":"https:\/\/hotel-delfin.com.hr\/hr\/impressum\/","title":{"rendered":"Impressum"},"content":{"rendered":"\n[et_pb_section fb_built=&#8221;1&#8243; custom_padding_last_edited=&#8221;on|phone&#8221; _builder_version=&#8221;4.14.1&#8243; background_enable_color=&#8221;off&#8221; background_color_gradient_start=&#8221;#000000&#8243; background_color_gradient_end=&#8221;#000000&#8243; background_enable_image=&#8221;off&#8221; custom_margin=&#8221;0px||0px||true|false&#8221; custom_padding=&#8221;37px|0px|37px|0px|true|true&#8221; custom_padding_tablet=&#8221;60px||60px||true|true&#8221; custom_padding_phone=&#8221;40px||40px||true|true&#8221; global_colors_info=&#8221;{}&#8221;][et_pb_row _builder_version=&#8221;4.0.7&#8243; custom_margin=&#8221;0px||0px||true|false&#8221; custom_padding=&#8221;0px|0px|0px|0px|true|true&#8221; global_colors_info=&#8221;{}&#8221;][et_pb_column type=&#8221;4_4&#8243; _builder_version=&#8221;4.0.7&#8243; global_colors_info=&#8221;{}&#8221;][et_pb_text admin_label=&#8221;Heading&#8221; _builder_version=&#8221;4.14.1&#8243; header_font=&#8221;Poppins|500|||||||&#8221; header_font_size=&#8221;50px&#8221; header_2_font=&#8221;Poppins||||||||&#8221; header_2_font_size=&#8221;40px&#8221; header_3_font=&#8221;Poppins||||||||&#8221; header_3_text_color=&#8221;#333333&#8243; header_3_font_size=&#8221;42px&#8221; header_3_letter_spacing=&#8221;1px&#8221; header_3_line_height=&#8221;52px&#8221; custom_margin=&#8221;0px||15px||false|false&#8221; custom_padding=&#8221;0px|0px|0px|0px|true|true&#8221; global_colors_info=&#8221;{}&#8221;]<h1 style=\"text-align: center;\"><span style=\"font-weight: 400;\">Impressum<\/span><\/h1>[\/et_pb_text][et_pb_divider color=&#8221;#EE7F38&#8243; divider_weight=&#8221;3px&#8221; module_class=&#8221;theme-divider&#8221; _builder_version=&#8221;4.0.7&#8243; min_height=&#8221;0px&#8221; height=&#8221;0px&#8221; custom_margin=&#8221;0px||15px||false|false&#8221; custom_padding=&#8221;0px|0px|0px|0px|true|true&#8221; global_colors_info=&#8221;{}&#8221;][\/et_pb_divider][\/et_pb_column][\/et_pb_row][\/et_pb_section][et_pb_section fb_built=&#8221;1&#8243; _builder_version=&#8221;4.14.1&#8243; _module_preset=&#8221;default&#8221; global_colors_info=&#8221;{}&#8221;][et_pb_row _builder_version=&#8221;4.14.1&#8243; _module_preset=&#8221;default&#8221; global_colors_info=&#8221;{}&#8221;][et_pb_column type=&#8221;4_4&#8243; _builder_version=&#8221;4.14.1&#8243; _module_preset=&#8221;default&#8221; global_colors_info=&#8221;{}&#8221;][et_pb_text _builder_version=&#8221;4.14.1&#8243; _module_preset=&#8221;default&#8221; hover_enabled=&#8221;0&#8243; global_colors_info=&#8221;{}&#8221; sticky_enabled=&#8221;0&#8243; custom_padding=&#8221;||0px|||&#8221;]<h2><strong>O nama<\/strong><\/h2>[\/et_pb_text][et_pb_text _builder_version=&#8221;4.14.1&#8243; _module_preset=&#8221;default&#8221; hover_enabled=&#8221;0&#8243; global_colors_info=&#8221;{}&#8221; sticky_enabled=&#8221;0&#8243;]<p><span>Hotel Delfin je mali kompleks apartmana i soba s pogledom na more, smje\u0161ten na samoj pla\u017ei u blizini centra Zadra \u2013 idealan je za u\u017eivanje u ljetnom odmoru, na\u0161oj kuhinji u restoranu kao i istra\u017eivanje regije.<\/span><br><span>U sklopu objekta nalazi se restoran s terasom s pogledom na more i otoke, \u0161to vam pru\u017ea jedinstven do\u017eivljaj. Mediteranska hrana, doma\u0107i specijaliteti, elegantna atmosfera i visoka kvaliteta usluge u toploj, ugodnoj i intimnoj atmosferi nadma\u0161it \u0107e Va\u0161a o\u010dekivanja<\/span><br><span>Rado \u0107emo Vam ugostiti i u\u010diniti Va\u0161 boravak u Zadru nezaboravnim.<\/span><\/p>[\/et_pb_text][\/et_pb_column][\/et_pb_row][et_pb_row column_structure=&#8221;1_2,1_2&#8243; _builder_version=&#8221;4.14.1&#8243; _module_preset=&#8221;default&#8221; global_colors_info=&#8221;{}&#8221;][et_pb_column type=&#8221;1_2&#8243; _builder_version=&#8221;4.14.1&#8243; _module_preset=&#8221;default&#8221; global_colors_info=&#8221;{}&#8221;][et_pb_text _builder_version=&#8221;4.14.1&#8243; _module_preset=&#8221;default&#8221; hover_enabled=&#8221;0&#8243; global_colors_info=&#8221;{}&#8221; sticky_enabled=&#8221;0&#8243;]<p><strong>Naziv:<\/strong> <span>Visus Zadar doo<\/span><br><strong>Puni naziv:<\/strong> <span>Visus Zadar dru\u0161tvo s ograni\u010denom odgovorno\u0161\u0107u za ugostiteljstvo, poslovne usluge i djelatnost turisti\u010dke agencije<\/span><br><strong>Sjedi\u0161te:<\/strong> <span>Kre\u0161imirova obala 96, 23000 Zadar, Hrvatska<\/span><br><strong>MBS:<\/strong> <span>110021503<\/span><br><strong>OIB:<\/strong> <span>07295305226<\/span><br><strong>PDV ID:<\/strong> <span>HR07295305226<\/span><br><strong>Direktor:<\/strong> <span>Marko Mitrovi\u0107<\/span><br><strong>\u010clan uprave:<\/strong> Marko Mitrovio\u0107<\/p>[\/et_pb_text][\/et_pb_column][et_pb_column type=&#8221;1_2&#8243; _builder_version=&#8221;4.14.1&#8243; _module_preset=&#8221;default&#8221; global_colors_info=&#8221;{}&#8221;][et_pb_text _builder_version=&#8221;4.14.1&#8243; _module_preset=&#8221;default&#8221; hover_enabled=&#8221;0&#8243; global_colors_info=&#8221;{}&#8221; sticky_enabled=&#8221;0&#8243;]<p><strong>Temeljni kapital:<\/strong> 40.000,00 kn, upla\u0107en u cijelosti<br><strong>Registar poduze\u0107a:<\/strong> Trgova\u010dki sud u Zadru<br><strong>Banka:<\/strong><br>Addiko Bank dd Josipa Jurja Strossmayera 1a, 23000 Zadar<br><strong>IBAN:<\/strong> HR08250000911013079431100398367<br><strong>SWIFT (BIC):<\/strong> HAABHR22<br><strong>Tel:<\/strong> <span style=\"color: #999999;\"><a href=\"tel:38523332019\" style=\"color: #999999;\">+385 23 332019<\/a><\/span><br>E- <strong>mail:<\/strong> <span style=\"color: #999999;\"><a href=\"mailto:hoteldelfinzadar@gmail.com\" style=\"color: #999999;\">hoteldelfinzadar@gmail.com<\/a><\/span><\/p>[\/et_pb_text][\/et_pb_column][\/et_pb_row][et_pb_row _builder_version=&#8221;4.14.1&#8243; _module_preset=&#8221;default&#8221; global_colors_info=&#8221;{}&#8221;][et_pb_column type=&#8221;4_4&#8243; _builder_version=&#8221;4.14.1&#8243; _module_preset=&#8221;default&#8221; global_colors_info=&#8221;{}&#8221;][et_pb_text _builder_version=&#8221;4.14.1&#8243; _module_preset=&#8221;default&#8221; hover_enabled=&#8221;0&#8243; global_colors_info=&#8221;{}&#8221; sticky_enabled=&#8221;0&#8243;]<h2><strong>Na\u0161e usluge<\/strong><\/h2>[\/et_pb_text][et_pb_text _builder_version=&#8221;4.14.1&#8243; _module_preset=&#8221;default&#8221; hover_enabled=&#8221;0&#8243; global_colors_info=&#8221;{}&#8221; sticky_enabled=&#8221;0&#8243;]<p data-fontsize=\"18\" data-lineheight=\"27\">\n<div class=\"fusion-one-half fusion-layout-column fusion-spacing-yes\">\n<div class=\"fusion-column-wrapper\">\n<div class=\"supsystic-tables-wrap\">\n<div id=\"supsystic-table-19_wrapper\" class=\"dataTables_wrapper no-footer\">\n<table class=\"supsystic-table border row-border dataTable no-footer\" id=\"supsystic-table-19\" data-features=\"[]\" data-pagination-length=\"50,100,All\" data-lang=\"default\" data-override=\"{\"file\":\"default\",\"emptyTable\":\"\",\"info\":\"\",\"infoEmpty\":\"\",\"infoFiltered\":\"\",\"lengthMenu\":\"\",\"search\":\"\",\"zeroRecords\":\"\"}\" data-auto-index=\"off\" data-currency-format=\"$1,000.00\" data-head=\"on\" data-foot=\"\" data-responsive-mode=\"0\" role=\"grid\">\n<thead>\n<tr role=\"row\">\n<th data-cell-id=\"A1\" class=\"htLeft bold sorting_disabled\" data-x=\"0\" data-y=\"1\" data-original-value=\"ACCOMMODATION FACTS  \" rowspan=\"1\" colspan=\"1\">\u010cINJENICE O SMJE\u0160TAJU<\/th>\n<th data-cell-id=\"B1\" class=\"sorting_disabled\" data-x=\"1\" data-y=\"1\" data-original-value=\" \" rowspan=\"1\" colspan=\"1\"><\/th>\n<\/tr>\n<\/thead>\n<tbody>\n<tr role=\"row\" class=\"odd\">\n<td data-cell-id=\"A2\" class=\"\" data-x=\"0\" data-y=\"2\" data-original-value=\"Features  \">Zna\u010dajke<\/td>\n<td data-cell-id=\"B2\" class=\"\" data-x=\"1\" data-y=\"2\" data-original-value=\"On the sea front, 5 km from historical city center\">Prvi red do mora, 5 km od povijesne jezgre grada<\/td>\n<\/tr>\n<tr role=\"row\" class=\"even\">\n<td data-cell-id=\"A3\" class=\"\" data-x=\"0\" data-y=\"3\" data-original-value=\"Number of Bedrooms  \">Broj spava\u0107ih soba<\/td>\n<td data-cell-id=\"B3\" class=\"\" data-x=\"1\" data-y=\"3\" data-original-value=\"  2 Family room (2 + 2 pax), 5 Superior rooms (sea view), 16 Standard rooms, 3 Low Budget rooms, Two one bedroom Suites 2+2 with big terrace and sea view\">2 Obiteljska soba (2+2 osobe), 5 Superior soba (pogled na more), 16 Standard soba, 3 Low Budget sobe, Dva jednosobna apartmana 2+2 sa velikom terasom i pogledom na more<\/td>\n<\/tr>\n<tr role=\"row\" class=\"odd\">\n<td data-cell-id=\"A4\" class=\"\" data-x=\"0\" data-y=\"4\" data-original-value=\"Total capacity  \">Ukupni kapacitet<\/td>\n<td data-cell-id=\"B4\" class=\"\" data-x=\"1\" data-y=\"4\" data-original-value=\"66 beds\">66 kreveta<\/td>\n<\/tr>\n<tr role=\"row\" class=\"even\">\n<td data-cell-id=\"A5\" class=\"\" data-x=\"0\" data-y=\"5\" data-original-value=\"Balconies  \">Balkoni<\/td>\n<td data-cell-id=\"B5\" class=\"\" data-x=\"1\" data-y=\"5\" data-original-value=\"Yes\">Da<\/td>\n<\/tr>\n<tr role=\"row\" class=\"odd\">\n<td data-cell-id=\"A6\" class=\"\" data-x=\"0\" data-y=\"6\" data-original-value=\"Air Conditioning\/Heating  \">Klima ure\u0111aj\/grijanje<\/td>\n<td data-cell-id=\"B6\" class=\"\" data-x=\"1\" data-y=\"6\" data-original-value=\"Yes\">Da<\/td>\n<\/tr>\n<tr role=\"row\" class=\"even\">\n<td data-cell-id=\"A7\" class=\"\" data-x=\"0\" data-y=\"7\" data-original-value=\"TV\/Satellite  \">Satelitska TV<\/td>\n<td data-cell-id=\"B7\" class=\"\" data-x=\"1\" data-y=\"7\" data-original-value=\"Yes\">Da<\/td>\n<\/tr>\n<tr role=\"row\" class=\"odd\">\n<td data-cell-id=\"A8\" class=\"\" data-x=\"0\" data-y=\"8\" data-original-value=\"Internet-wireless  \">Internet-be\u017ei\u010dni<\/td>\n<td data-cell-id=\"B8\" class=\"\" data-x=\"1\" data-y=\"8\" data-original-value=\"Yes\">Da<\/td>\n<\/tr>\n<tr role=\"row\" class=\"even\">\n<td data-cell-id=\"A9\" class=\"\" data-x=\"0\" data-y=\"9\" data-original-value=\"Meals  \">Obroci<\/td>\n<td data-cell-id=\"B9\" class=\"\" data-x=\"1\" data-y=\"9\" data-original-value=\"Bed &amp; Breakfast, Half Board, Full Board\">No\u0107enje s doru\u010dkom, polupansion, puni pansion<\/td>\n<\/tr>\n<tr role=\"row\" class=\"odd\">\n<td data-cell-id=\"A10\" class=\"\" data-x=\"0\" data-y=\"10\" data-original-value=\"Extras  \">Dodaci<\/td>\n<td data-cell-id=\"B10\" class=\"\" data-x=\"1\" data-y=\"10\" data-original-value=\"Possibility of organizing meetings, seminars and presentations\">Mogu\u0107nost organiziranja sastanaka, seminara i prezentacija<\/td>\n<\/tr>\n<tr role=\"row\" class=\"even\">\n<td data-cell-id=\"A11\" class=\"\" data-x=\"0\" data-y=\"11\" data-original-value=\"Sea\/Beach  \">More\/Pla\u017ea<\/td>\n<td data-cell-id=\"B11\" class=\"\" data-x=\"1\" data-y=\"11\" data-original-value=\"On site\">Na stranici<\/td>\n<\/tr>\n<tr role=\"row\" class=\"odd\">\n<td data-cell-id=\"A12\" class=\"\" data-x=\"0\" data-y=\"12\" data-original-value=\"Shop  \">Du\u0107an<\/td>\n<td data-cell-id=\"B12\" class=\"\" data-x=\"1\" data-y=\"12\" data-original-value=\"5 minutes walk from the apartment\">5 minuta hoda od apartmana<\/td>\n<\/tr>\n<tr role=\"row\" class=\"even\">\n<td data-cell-id=\"A13\" class=\"\" data-x=\"0\" data-y=\"13\" data-original-value=\"Restaurants and bars  \">Restorani i barovi<\/td>\n<td data-cell-id=\"B13\" class=\"\" data-x=\"1\" data-y=\"13\" data-original-value=\"There is a restaurant in the same complex (below the apartments)\">U istom kompleksu se nalazi restoran (ispod apartmana)<\/td>\n<\/tr>\n<tr role=\"row\" class=\"odd\">\n<td data-cell-id=\"A14\" class=\"\" data-x=\"0\" data-y=\"14\" data-original-value=\"Bank  \">Banka<\/td>\n<td data-cell-id=\"B14\" class=\"\" data-x=\"1\" data-y=\"14\" data-original-value=\"In city center\">U centru grada<\/td>\n<\/tr>\n<tr role=\"row\" class=\"even\">\n<td data-cell-id=\"A15\" class=\"\" data-x=\"0\" data-y=\"15\" data-original-value=\"Pharmacy  \">Ljekarna<\/td>\n<td data-cell-id=\"B15\" class=\"\" data-x=\"1\" data-y=\"15\" data-original-value=\"5 min distance\">Udaljenost od 5 min<\/td>\n<\/tr>\n<tr role=\"row\" class=\"odd\">\n<td data-cell-id=\"A16\" class=\"\" data-x=\"0\" data-y=\"16\" data-original-value=\"Airport  \">Zra\u010dna luka<\/td>\n<td data-cell-id=\"B16\" class=\"\" data-x=\"1\" data-y=\"16\" data-original-value=\"25-30 minutes driving from Zadar Airport\">25-30 minuta vo\u017enje od Zra\u010dne luke Zadar<\/td>\n<\/tr>\n<\/tbody>\n<\/table>\n<\/div>\n<\/div>\n<div class=\"fusion-clearfix\"><\/div>\n<\/div>\n<\/div>\n<div class=\"fusion-one-half fusion-layout-column fusion-column-last fusion-spacing-yes\">\n<div class=\"fusion-column-wrapper\">\n<div class=\"supsystic-tables-wrap\">\n<div id=\"supsystic-table-20_wrapper\" class=\"dataTables_wrapper no-footer\">\n<table class=\"supsystic-table border row-border dataTable no-footer\" id=\"supsystic-table-20\" data-features=\"[]\" data-pagination-length=\"50,100,All\" data-lang=\"default\" data-override=\"{\"file\":\"default\",\"emptyTable\":\"\",\"info\":\"\",\"infoEmpty\":\"\",\"infoFiltered\":\"\",\"lengthMenu\":\"\",\"search\":\"\",\"zeroRecords\":\"\"}\" data-auto-index=\"off\" data-currency-format=\"$1,000.00\" data-head=\"on\" data-foot=\"\" data-responsive-mode=\"0\" role=\"grid\">\n<thead>\n<tr role=\"row\">\n<th data-cell-id=\"A1\" class=\"bold htLeft sorting_disabled\" data-x=\"0\" data-y=\"1\" data-original-value=\"TRANSFERS  \" rowspan=\"1\" colspan=\"1\">PRIJEVOZ<\/th>\n<th data-cell-id=\"B1\" class=\"sorting_disabled\" data-x=\"1\" data-y=\"1\" data-original-value=\" \" rowspan=\"1\" colspan=\"1\"><\/th>\n<\/tr>\n<\/thead>\n<tbody>\n<tr role=\"row\" class=\"odd\">\n<td data-cell-id=\"A2\" class=\"\" data-x=\"0\" data-y=\"2\" data-colspan=\"2\" data-rowspan=\"1\" data-original-value=\"We organize all kinds of transports; from airport as well as from city terminal, harbor, railway station or bus terminal to hotel or private accommodation, or from your accommodation to desired location.\" colspan=\"2\">Organiziramo sve vrste prijevoza; od zra\u010dne luke kao i od gradskog terminala, luke, \u017eeljezni\u010dkog kolodvora ili autobusnog kolodvora do hotela ili privatnog smje\u0161taja, ili od va\u0161eg smje\u0161taja do \u017eeljene lokacije.<\/td>\n<\/tr>\n<tr role=\"row\" class=\"even\">\n<td data-cell-id=\"A3\" class=\"\" data-x=\"0\" data-y=\"3\" data-original-value=\"Phone  \">Telefon<\/td>\n<td data-cell-id=\"B3\" class=\"\" data-x=\"1\" data-y=\"3\" data-original-value=\"+385 (0)23 332 019\">+385 (0)23 332 019<\/td>\n<\/tr>\n<tr role=\"row\" class=\"odd\">\n<td data-cell-id=\"A4\" class=\"\" data-x=\"0\" data-y=\"4\" data-original-value=\"Mobile phone  \">Mobitel<\/td>\n<td data-cell-id=\"B4\" class=\"\" data-x=\"1\" data-y=\"4\" data-original-value=\"+385 (0)98 290987\">+385 (0)98 290987<\/td>\n<\/tr>\n<tr role=\"row\" class=\"even\">\n<td data-cell-id=\"A5\" class=\"\" data-x=\"0\" data-y=\"5\" data-original-value=\"E-mail address  \">Email adresa<\/td>\n<td data-cell-id=\"B5\" class=\"\" data-x=\"1\" data-y=\"5\" data-original-value=\"hoteldelfinzadar@gmail.com\">hoteldelfinzadar@gmail.com<\/td>\n<\/tr>\n<tr role=\"row\" class=\"odd\">\n<td data-cell-id=\"A6\" class=\"bold\" data-x=\"0\" data-y=\"6\" data-original-value=\"PRICE  \">CIJENA<\/td>\n<td data-cell-id=\"B6\" class=\"\" data-x=\"1\" data-y=\"6\" data-original-value=\" \"><\/td>\n<\/tr>\n<tr role=\"row\" class=\"even\">\n<td data-cell-id=\"A7\" class=\"\" data-x=\"0\" data-y=\"7\" data-original-value=\"One way transfer (max. 4 pax)  \">Prijevoz u jednom smjeru (maks. 4 osobe)<\/td>\n<td data-cell-id=\"B7\" class=\"\" data-x=\"1\" data-y=\"7\" data-original-value=\"200,00 Kn \/vehicle\">200,00 Kn \/vozilo<\/td>\n<\/tr>\n<\/tbody>\n<\/table>\n<\/div>\n<\/div>\n<div class=\"supsystic-tables-wrap\">\n<div id=\"supsystic-table-21_wrapper\" class=\"dataTables_wrapper no-footer\">\n<table class=\"supsystic-table border row-border dataTable no-footer\" id=\"supsystic-table-21\" data-features=\"[]\" data-pagination-length=\"50,100,All\" data-lang=\"default\" data-override=\"{\"file\":\"default\",\"emptyTable\":\"\",\"info\":\"\",\"infoEmpty\":\"\",\"infoFiltered\":\"\",\"lengthMenu\":\"\",\"search\":\"\",\"zeroRecords\":\"\"}\" data-auto-index=\"off\" data-currency-format=\"$1,000.00\" data-head=\"on\" data-foot=\"\" data-responsive-mode=\"0\" role=\"grid\">\n<thead>\n<tr role=\"row\">\n<th data-cell-id=\"A1\" class=\"bold sorting_disabled\" data-x=\"0\" data-y=\"1\" data-original-value=\"A LA CARTE RESTAURANT \"DELFIN\"\" rowspan=\"1\" colspan=\"1\">A LA CARTE RESTORAN &#8220;DELFIN&#8221;<\/th>\n<\/tr>\n<\/thead>\n<tbody>\n<tr role=\"row\" class=\"odd\">\n<td data-cell-id=\"A2\" class=\"\" data-x=\"0\" data-y=\"2\" data-original-value=\"pleasant ambience in Dalmatian style\">ugodan ambijent u dalmatinskom stilu<\/td>\n<\/tr>\n<tr role=\"row\" class=\"even\">\n<td data-cell-id=\"A3\" class=\"\" data-x=\"0\" data-y=\"3\" data-original-value=\"the possibility of organizing dinner, reception, and celebrations at affordable prices\">mogu\u0107nost organizacije ve\u010dere, domjenka i proslava po pristupa\u010dnim cijenama<\/td>\n<\/tr>\n<tr role=\"row\" class=\"odd\">\n<td data-cell-id=\"A4\" class=\"\" data-x=\"0\" data-y=\"4\" data-original-value=\"summer terrace overlooking the sea and breathtaking sunsets\">ljetna terasa s pogledom na more i zalaske sunca koji oduzimaju dah<\/td>\n<\/tr>\n<tr role=\"row\" class=\"even\">\n<td data-cell-id=\"A5\" class=\"\" data-x=\"0\" data-y=\"5\" data-original-value=\"selection of meat and fish specialties\">izbor mesnih i ribljih specijaliteta<\/td>\n<\/tr>\n<tr role=\"row\" class=\"odd\">\n<td data-cell-id=\"A6\" class=\"\" data-x=\"0\" data-y=\"6\" data-original-value=\"daily fresh fish and shellfish\">dnevno svje\u017ea riba i \u0161koljke<\/td>\n<\/tr>\n<tr role=\"row\" class=\"even\">\n<td data-cell-id=\"A7\" class=\"\" data-x=\"0\" data-y=\"7\" data-original-value=\"tailored menus and weekly themed menus\">prilago\u0111eni jelovnici i tjedni tematski jelovnici<\/td>\n<\/tr>\n<tr role=\"row\" class=\"odd\">\n<td data-cell-id=\"A8\" class=\"\" data-x=\"0\" data-y=\"8\" data-original-value=\"Capacity of 60 pax\">Kapacitet 60 osoba<\/td>\n<\/tr>\n<\/tbody>\n<\/table>\n<\/div>\n<\/div>\n<\/div>\n<\/div>[\/et_pb_text][\/et_pb_column][\/et_pb_row][\/et_pb_section]\n","protected":false},"excerpt":{"rendered":"<p>ImpressumO namaHotel Delfin je mali kompleks apartmana i soba s pogledom na more, smje\u0161ten na samoj pla\u017ei u blizini centra Zadra \u2013 idealan je za u\u017eivanje u ljetnom odmoru, na\u0161oj kuhinji u restoranu kao i istra\u017eivanje regije.U sklopu objekta nalazi se restoran s terasom s pogledom na more i otoke, \u0161to vam pru\u017ea jedinstven do\u017eivljaj. [&hellip;]<\/p>\n","protected":false},"author":1,"featured_media":0,"parent":0,"menu_order":0,"comment_status":"closed","ping_status":"closed","template":"","meta":{"_et_pb_use_builder":"on","_et_pb_old_content":"","_et_gb_content_width":"","footnotes":""},"class_list":["post-242255","page","type-page","status-publish","hentry"],"acf":[],"_links":{"self":[{"href":"https:\/\/hotel-delfin.com.hr\/hr\/wp-json\/wp\/v2\/pages\/242255","targetHints":{"allow":["GET"]}}],"collection":[{"href":"https:\/\/hotel-delfin.com.hr\/hr\/wp-json\/wp\/v2\/pages"}],"about":[{"href":"https:\/\/hotel-delfin.com.hr\/hr\/wp-json\/wp\/v2\/types\/page"}],"author":[{"embeddable":true,"href":"https:\/\/hotel-delfin.com.hr\/hr\/wp-json\/wp\/v2\/users\/1"}],"replies":[{"embeddable":true,"href":"https:\/\/hotel-delfin.com.hr\/hr\/wp-json\/wp\/v2\/comments?post=242255"}],"version-history":[{"count":3,"href":"https:\/\/hotel-delfin.com.hr\/hr\/wp-json\/wp\/v2\/pages\/242255\/revisions"}],"predecessor-version":[{"id":243729,"href":"https:\/\/hotel-delfin.com.hr\/hr\/wp-json\/wp\/v2\/pages\/242255\/revisions\/243729"}],"wp:attachment":[{"href":"https:\/\/hotel-delfin.com.hr\/hr\/wp-json\/wp\/v2\/media?parent=242255"}],"curies":[{"name":"wp","href":"https:\/\/api.w.org\/{rel}","templated":true}]}}